{"id":4438,"date":"2021-12-22T15:19:59","date_gmt":"2021-12-22T14:19:59","guid":{"rendered":"https:\/\/www.grafiche-tonutti.it\/?page_id=4438"},"modified":"2022-03-09T11:27:32","modified_gmt":"2022-03-09T10:27:32","slug":"nouveautes-et-evenements","status":"publish","type":"page","link":"https:\/\/www.grafiche-tonutti.it\/fr\/nouveautes-et-evenements\/","title":{"rendered":"Nouveaut\u00e9s et \u00e9v\u00e9nements"},"content":{"rendered":"\t\t<div data-elementor-type=\"wp-page\" data-elementor-id=\"4438\" class=\"elementor elementor-4438 elementor-33\" data-elementor-post-type=\"page\">\n\t\t\t\t\t\t<section class=\"elementor-section elementor-top-section elementor-element elementor-element-64d2b103 elementor-section-stretched elementor-section-boxed elementor-section-height-default elementor-section-height-default\" data-id=\"64d2b103\" data-element_type=\"section\" data-settings=\"{&quot;stretch_section&quot;:&quot;section-stretched&quot;}\">\n\t\t\t\t\t\t<div class=\"elementor-container elementor-column-gap-default\">\n\t\t\t\t\t<div class=\"elementor-column elementor-col-100 elementor-top-column elementor-element elementor-element-2d581985 elementor-invisible\" data-id=\"2d581985\" data-element_type=\"column\" data-settings=\"{&quot;animation&quot;:&quot;fadeIn&quot;,&quot;animation_delay&quot;:100}\">\n\t\t\t<div class=\"elementor-widget-wrap elementor-element-populated\">\n\t\t\t\t\t\t<div class=\"elementor-element elementor-element-3a8fd6c elementor-widget elementor-widget-spacer\" data-id=\"3a8fd6c\" data-element_type=\"widget\" data-widget_type=\"spacer.default\">\n\t\t\t\t<div class=\"elementor-widget-container\">\n\t\t\t\t\t\t\t<div class=\"elementor-spacer\">\n\t\t\t<div class=\"elementor-spacer-inner\"><\/div>\n\t\t<\/div>\n\t\t\t\t\t\t<\/div>\n\t\t\t\t<\/div>\n\t\t\t\t<section class=\"elementor-section elementor-inner-section elementor-element elementor-element-dd4f31c elementor-section-boxed elementor-section-height-default elementor-section-height-default\" data-id=\"dd4f31c\" data-element_type=\"section\">\n\t\t\t\t\t\t<div class=\"elementor-container elementor-column-gap-default\">\n\t\t\t\t\t<div class=\"elementor-column elementor-col-50 elementor-inner-column elementor-element elementor-element-79704e5 elementor-invisible\" data-id=\"79704e5\" data-element_type=\"column\" data-settings=\"{&quot;animation&quot;:&quot;fadeIn&quot;}\">\n\t\t\t<div class=\"elementor-widget-wrap\">\n\t\t\t\t\t\t\t<\/div>\n\t\t<\/div>\n\t\t\t\t<div class=\"elementor-column elementor-col-50 elementor-inner-column elementor-element elementor-element-d264fee elementor-invisible\" data-id=\"d264fee\" data-element_type=\"column\" data-settings=\"{&quot;animation&quot;:&quot;fadeIn&quot;}\">\n\t\t\t<div class=\"elementor-widget-wrap elementor-element-populated\">\n\t\t\t\t\t\t\t<\/div>\n\t\t<\/div>\n\t\t\t\t\t<\/div>\n\t\t<\/section>\n\t\t\t\t<section class=\"elementor-section elementor-inner-section elementor-element elementor-element-c4222f7 elementor-section-boxed elementor-section-height-default elementor-section-height-default\" data-id=\"c4222f7\" data-element_type=\"section\">\n\t\t\t\t\t\t<div class=\"elementor-container elementor-column-gap-default\">\n\t\t\t\t\t<div class=\"elementor-column elementor-col-50 elementor-inner-column elementor-element elementor-element-25dd961 elementor-invisible\" data-id=\"25dd961\" data-element_type=\"column\" data-settings=\"{&quot;animation&quot;:&quot;fadeIn&quot;}\">\n\t\t\t<div class=\"elementor-widget-wrap\">\n\t\t\t\t\t\t\t<\/div>\n\t\t<\/div>\n\t\t\t\t<div class=\"elementor-column elementor-col-50 elementor-inner-column elementor-element elementor-element-ed7f181 elementor-invisible\" data-id=\"ed7f181\" data-element_type=\"column\" data-settings=\"{&quot;animation&quot;:&quot;fadeIn&quot;}\">\n\t\t\t<div class=\"elementor-widget-wrap elementor-element-populated\">\n\t\t\t\t\t\t\t<\/div>\n\t\t<\/div>\n\t\t\t\t\t<\/div>\n\t\t<\/section>\n\t\t\t\t<div class=\"elementor-element elementor-element-f2ed758 elementor-widget elementor-widget-spacer\" data-id=\"f2ed758\" data-element_type=\"widget\" data-widget_type=\"spacer.default\">\n\t\t\t\t<div class=\"elementor-widget-container\">\n\t\t\t\t\t\t\t<div class=\"elementor-spacer\">\n\t\t\t<div class=\"elementor-spacer-inner\"><\/div>\n\t\t<\/div>\n\t\t\t\t\t\t<\/div>\n\t\t\t\t<\/div>\n\t\t\t\t\t<\/div>\n\t\t<\/div>\n\t\t\t\t\t<\/div>\n\t\t<\/section>\n\t\t\t\t<\/div>\n\t\t","protected":false},"excerpt":{"rendered":"","protected":false},"author":2,"featured_media":0,"parent":0,"menu_order":25,"comment_status":"closed","ping_status":"closed","template":"","meta":{"inline_featured_image":false,"footnotes":""},"categories":[],"tags":[],"class_list":["post-4438","page","type-page","status-publish","hentry"],"yoast_head":"<!-- This site is optimized with the Yoast SEO plugin v26.8 - https:\/\/yoast.com\/product\/yoast-seo-wordpress\/ -->\n<title>Nouveaut\u00e9s et \u00e9v\u00e9nements Tonutti - grafiche-tonutti.it<\/title>\n<meta name=\"description\" content=\"Les derni\u00e8res nouveaut\u00e9s relatives \u00e0 Grafiche Tonutti \u00e0 travers les news et les \u00e9v\u00e9nements signal\u00e9s. Vous voulez en savoir plus ? Contactez-nous !\" \/>\n<meta name=\"robots\" content=\"index, follow, max-snippet:-1, max-image-preview:large, max-video-preview:-1\" \/>\n<link rel=\"canonical\" href=\"https:\/\/www.grafiche-tonutti.it\/fr\/nouveautes-et-evenements\/\" \/>\n<meta property=\"og:locale\" content=\"fr_FR\" \/>\n<meta property=\"og:type\" content=\"article\" \/>\n<meta property=\"og:title\" content=\"Nouveaut\u00e9s et \u00e9v\u00e9nements Tonutti - grafiche-tonutti.it\" \/>\n<meta property=\"og:description\" content=\"Les derni\u00e8res nouveaut\u00e9s relatives \u00e0 Grafiche Tonutti \u00e0 travers les news et les \u00e9v\u00e9nements signal\u00e9s. Vous voulez en savoir plus ? Contactez-nous !\" \/>\n<meta property=\"og:url\" content=\"https:\/\/www.grafiche-tonutti.it\/fr\/nouveautes-et-evenements\/\" \/>\n<meta property=\"og:site_name\" content=\"Tonutti\" \/>\n<meta property=\"article:publisher\" content=\"https:\/\/www.facebook.com\/TonuttiTecnicheGraficheSpA\/\" \/>\n<meta property=\"article:modified_time\" content=\"2022-03-09T10:27:32+00:00\" \/>\n<meta name=\"twitter:card\" content=\"summary_large_image\" \/>\n<script type=\"application\/ld+json\" class=\"yoast-schema-graph\">{\"@context\":\"https:\/\/schema.org\",\"@graph\":[{\"@type\":\"WebPage\",\"@id\":\"https:\/\/www.grafiche-tonutti.it\/fr\/nouveautes-et-evenements\/\",\"url\":\"https:\/\/www.grafiche-tonutti.it\/fr\/nouveautes-et-evenements\/\",\"name\":\"Nouveaut\u00e9s et \u00e9v\u00e9nements Tonutti - grafiche-tonutti.it\",\"isPartOf\":{\"@id\":\"https:\/\/www.grafiche-tonutti.it\/#website\"},\"datePublished\":\"2021-12-22T14:19:59+00:00\",\"dateModified\":\"2022-03-09T10:27:32+00:00\",\"description\":\"Les derni\u00e8res nouveaut\u00e9s relatives \u00e0 Grafiche Tonutti \u00e0 travers les news et les \u00e9v\u00e9nements signal\u00e9s. Vous voulez en savoir plus ? Contactez-nous !\",\"breadcrumb\":{\"@id\":\"https:\/\/www.grafiche-tonutti.it\/fr\/nouveautes-et-evenements\/#breadcrumb\"},\"inLanguage\":\"fr-FR\",\"potentialAction\":[{\"@type\":\"ReadAction\",\"target\":[\"https:\/\/www.grafiche-tonutti.it\/fr\/nouveautes-et-evenements\/\"]}]},{\"@type\":\"BreadcrumbList\",\"@id\":\"https:\/\/www.grafiche-tonutti.it\/fr\/nouveautes-et-evenements\/#breadcrumb\",\"itemListElement\":[{\"@type\":\"ListItem\",\"position\":1,\"name\":\"Home\",\"item\":\"https:\/\/www.grafiche-tonutti.it\/\"},{\"@type\":\"ListItem\",\"position\":2,\"name\":\"Nouveaut\u00e9s et \u00e9v\u00e9nements\"}]},{\"@type\":\"WebSite\",\"@id\":\"https:\/\/www.grafiche-tonutti.it\/#website\",\"url\":\"https:\/\/www.grafiche-tonutti.it\/\",\"name\":\"www.grafiche-tonutti.it\",\"description\":\"Etichette per un mondo che cambia\",\"publisher\":{\"@id\":\"https:\/\/www.grafiche-tonutti.it\/#organization\"},\"potentialAction\":[{\"@type\":\"SearchAction\",\"target\":{\"@type\":\"EntryPoint\",\"urlTemplate\":\"https:\/\/www.grafiche-tonutti.it\/?s={search_term_string}\"},\"query-input\":{\"@type\":\"PropertyValueSpecification\",\"valueRequired\":true,\"valueName\":\"search_term_string\"}}],\"inLanguage\":\"fr-FR\"},{\"@type\":\"Organization\",\"@id\":\"https:\/\/www.grafiche-tonutti.it\/#organization\",\"name\":\"Tonutti Tecniche Grafiche S.p.A.\",\"url\":\"https:\/\/www.grafiche-tonutti.it\/\",\"logo\":{\"@type\":\"ImageObject\",\"inLanguage\":\"fr-FR\",\"@id\":\"https:\/\/www.grafiche-tonutti.it\/#\/schema\/logo\/image\/\",\"url\":\"https:\/\/www.grafiche-tonutti.it\/wp-content\/uploads\/2024\/01\/MARCHIO-E-LOGO_more-than-labels_alliance.png\",\"contentUrl\":\"https:\/\/www.grafiche-tonutti.it\/wp-content\/uploads\/2024\/01\/MARCHIO-E-LOGO_more-than-labels_alliance.png\",\"width\":283,\"height\":211,\"caption\":\"Tonutti Tecniche Grafiche S.p.A.\"},\"image\":{\"@id\":\"https:\/\/www.grafiche-tonutti.it\/#\/schema\/logo\/image\/\"},\"sameAs\":[\"https:\/\/www.facebook.com\/TonuttiTecnicheGraficheSpA\/\",\"https:\/\/www.instagram.com\/tonuttitecnichegrafiche\/\",\"https:\/\/www.linkedin.com\/company\/tonutti-tecniche-grafiche-spa\",\"https:\/\/www.youtube.com\/channel\/UCRYgey4GRtPal2Gygdvw_lA\"]}]}<\/script>\n<!-- \/ Yoast SEO plugin. -->","yoast_head_json":{"title":"Nouveaut\u00e9s et \u00e9v\u00e9nements Tonutti - grafiche-tonutti.it","description":"Les derni\u00e8res nouveaut\u00e9s relatives \u00e0 Grafiche Tonutti \u00e0 travers les news et les \u00e9v\u00e9nements signal\u00e9s. Vous voulez en savoir plus ? Contactez-nous !","robots":{"index":"index","follow":"follow","max-snippet":"max-snippet:-1","max-image-preview":"max-image-preview:large","max-video-preview":"max-video-preview:-1"},"canonical":"https:\/\/www.grafiche-tonutti.it\/fr\/nouveautes-et-evenements\/","og_locale":"fr_FR","og_type":"article","og_title":"Nouveaut\u00e9s et \u00e9v\u00e9nements Tonutti - grafiche-tonutti.it","og_description":"Les derni\u00e8res nouveaut\u00e9s relatives \u00e0 Grafiche Tonutti \u00e0 travers les news et les \u00e9v\u00e9nements signal\u00e9s. Vous voulez en savoir plus ? Contactez-nous !","og_url":"https:\/\/www.grafiche-tonutti.it\/fr\/nouveautes-et-evenements\/","og_site_name":"Tonutti","article_publisher":"https:\/\/www.facebook.com\/TonuttiTecnicheGraficheSpA\/","article_modified_time":"2022-03-09T10:27:32+00:00","twitter_card":"summary_large_image","schema":{"@context":"https:\/\/schema.org","@graph":[{"@type":"WebPage","@id":"https:\/\/www.grafiche-tonutti.it\/fr\/nouveautes-et-evenements\/","url":"https:\/\/www.grafiche-tonutti.it\/fr\/nouveautes-et-evenements\/","name":"Nouveaut\u00e9s et \u00e9v\u00e9nements Tonutti - grafiche-tonutti.it","isPartOf":{"@id":"https:\/\/www.grafiche-tonutti.it\/#website"},"datePublished":"2021-12-22T14:19:59+00:00","dateModified":"2022-03-09T10:27:32+00:00","description":"Les derni\u00e8res nouveaut\u00e9s relatives \u00e0 Grafiche Tonutti \u00e0 travers les news et les \u00e9v\u00e9nements signal\u00e9s. Vous voulez en savoir plus ? Contactez-nous !","breadcrumb":{"@id":"https:\/\/www.grafiche-tonutti.it\/fr\/nouveautes-et-evenements\/#breadcrumb"},"inLanguage":"fr-FR","potentialAction":[{"@type":"ReadAction","target":["https:\/\/www.grafiche-tonutti.it\/fr\/nouveautes-et-evenements\/"]}]},{"@type":"BreadcrumbList","@id":"https:\/\/www.grafiche-tonutti.it\/fr\/nouveautes-et-evenements\/#breadcrumb","itemListElement":[{"@type":"ListItem","position":1,"name":"Home","item":"https:\/\/www.grafiche-tonutti.it\/"},{"@type":"ListItem","position":2,"name":"Nouveaut\u00e9s et \u00e9v\u00e9nements"}]},{"@type":"WebSite","@id":"https:\/\/www.grafiche-tonutti.it\/#website","url":"https:\/\/www.grafiche-tonutti.it\/","name":"www.grafiche-tonutti.it","description":"Etichette per un mondo che cambia","publisher":{"@id":"https:\/\/www.grafiche-tonutti.it\/#organization"},"potentialAction":[{"@type":"SearchAction","target":{"@type":"EntryPoint","urlTemplate":"https:\/\/www.grafiche-tonutti.it\/?s={search_term_string}"},"query-input":{"@type":"PropertyValueSpecification","valueRequired":true,"valueName":"search_term_string"}}],"inLanguage":"fr-FR"},{"@type":"Organization","@id":"https:\/\/www.grafiche-tonutti.it\/#organization","name":"Tonutti Tecniche Grafiche S.p.A.","url":"https:\/\/www.grafiche-tonutti.it\/","logo":{"@type":"ImageObject","inLanguage":"fr-FR","@id":"https:\/\/www.grafiche-tonutti.it\/#\/schema\/logo\/image\/","url":"https:\/\/www.grafiche-tonutti.it\/wp-content\/uploads\/2024\/01\/MARCHIO-E-LOGO_more-than-labels_alliance.png","contentUrl":"https:\/\/www.grafiche-tonutti.it\/wp-content\/uploads\/2024\/01\/MARCHIO-E-LOGO_more-than-labels_alliance.png","width":283,"height":211,"caption":"Tonutti Tecniche Grafiche S.p.A."},"image":{"@id":"https:\/\/www.grafiche-tonutti.it\/#\/schema\/logo\/image\/"},"sameAs":["https:\/\/www.facebook.com\/TonuttiTecnicheGraficheSpA\/","https:\/\/www.instagram.com\/tonuttitecnichegrafiche\/","https:\/\/www.linkedin.com\/company\/tonutti-tecniche-grafiche-spa","https:\/\/www.youtube.com\/channel\/UCRYgey4GRtPal2Gygdvw_lA"]}]}},"_links":{"self":[{"href":"https:\/\/www.grafiche-tonutti.it\/fr\/wp-json\/wp\/v2\/pages\/4438","targetHints":{"allow":["GET"]}}],"collection":[{"href":"https:\/\/www.grafiche-tonutti.it\/fr\/wp-json\/wp\/v2\/pages"}],"about":[{"href":"https:\/\/www.grafiche-tonutti.it\/fr\/wp-json\/wp\/v2\/types\/page"}],"author":[{"embeddable":true,"href":"https:\/\/www.grafiche-tonutti.it\/fr\/wp-json\/wp\/v2\/users\/2"}],"replies":[{"embeddable":true,"href":"https:\/\/www.grafiche-tonutti.it\/fr\/wp-json\/wp\/v2\/comments?post=4438"}],"version-history":[{"count":2,"href":"https:\/\/www.grafiche-tonutti.it\/fr\/wp-json\/wp\/v2\/pages\/4438\/revisions"}],"predecessor-version":[{"id":6532,"href":"https:\/\/www.grafiche-tonutti.it\/fr\/wp-json\/wp\/v2\/pages\/4438\/revisions\/6532"}],"wp:attachment":[{"href":"https:\/\/www.grafiche-tonutti.it\/fr\/wp-json\/wp\/v2\/media?parent=4438"}],"wp:term":[{"taxonomy":"category","embeddable":true,"href":"https:\/\/www.grafiche-tonutti.it\/fr\/wp-json\/wp\/v2\/categories?post=4438"},{"taxonomy":"post_tag","embeddable":true,"href":"https:\/\/www.grafiche-tonutti.it\/fr\/wp-json\/wp\/v2\/tags?post=4438"}],"curies":[{"name":"wp","href":"https:\/\/api.w.org\/{rel}","templated":true}]}}