{"id":6420,"date":"2022-03-08T14:09:11","date_gmt":"2022-03-08T13:09:11","guid":{"rendered":"https:\/\/www.grafiche-tonutti.it\/?page_id=6420"},"modified":"2022-03-09T15:08:26","modified_gmt":"2022-03-09T14:08:26","slug":"impression-etiquettes-de-vin","status":"publish","type":"page","link":"https:\/\/www.grafiche-tonutti.it\/fr\/references\/impression-etiquettes-de-vin\/","title":{"rendered":"Impression d&rsquo;\u00e9tiquettes de vin"},"content":{"rendered":"\t\t<div data-elementor-type=\"wp-page\" data-elementor-id=\"6420\" class=\"elementor elementor-6420 elementor-3044\" data-elementor-post-type=\"page\">\n\t\t\t\t\t\t<section class=\"elementor-section elementor-top-section elementor-element elementor-element-7c554f8 elementor-section-items-top elementor-section-height-min-height elementor-section-stretched elementor-section-full_width elementor-section-height-default\" data-id=\"7c554f8\" data-element_type=\"section\" data-settings=\"{&quot;background_background&quot;:&quot;classic&quot;,&quot;stretch_section&quot;:&quot;section-stretched&quot;}\">\n\t\t\t\t\t\t\t<div class=\"elementor-background-overlay\"><\/div>\n\t\t\t\t\t\t\t<div class=\"elementor-container elementor-column-gap-default\">\n\t\t\t\t\t<div class=\"elementor-column elementor-col-100 elementor-top-column elementor-element elementor-element-4f7598c\" data-id=\"4f7598c\" data-element_type=\"column\">\n\t\t\t<div class=\"elementor-widget-wrap elementor-element-populated\">\n\t\t\t\t\t\t<section class=\"elementor-section elementor-inner-section elementor-element elementor-element-bf53251 elementor-section-boxed elementor-section-height-default elementor-section-height-default\" data-id=\"bf53251\" data-element_type=\"section\">\n\t\t\t\t\t\t<div class=\"elementor-container elementor-column-gap-wider\">\n\t\t\t\t\t<div class=\"elementor-column elementor-col-100 elementor-inner-column elementor-element elementor-element-f831681\" data-id=\"f831681\" data-element_type=\"column\">\n\t\t\t<div class=\"elementor-widget-wrap elementor-element-populated\">\n\t\t\t\t\t\t<div class=\"elementor-element elementor-element-6ccbe45 elementor-widget elementor-widget-heading\" data-id=\"6ccbe45\" data-element_type=\"widget\" data-widget_type=\"heading.default\">\n\t\t\t\t<div class=\"elementor-widget-container\">\n\t\t\t\t\t<h1 class=\"elementor-heading-title elementor-size-large\">IMPRESSION D'\u00c9TIQUETTES DE VIN<\/h1>\t\t\t\t<\/div>\n\t\t\t\t<\/div>\n\t\t\t\t\t<\/div>\n\t\t<\/div>\n\t\t\t\t\t<\/div>\n\t\t<\/section>\n\t\t\t\t\t<\/div>\n\t\t<\/div>\n\t\t\t\t\t<\/div>\n\t\t<\/section>\n\t\t\t\t<section class=\"elementor-section elementor-top-section elementor-element elementor-element-bc2ced6 elementor-section-boxed elementor-section-height-default elementor-section-height-default\" data-id=\"bc2ced6\" data-element_type=\"section\">\n\t\t\t\t\t\t<div class=\"elementor-container elementor-column-gap-wider\">\n\t\t\t\t\t<div class=\"elementor-column elementor-col-50 elementor-top-column elementor-element elementor-element-20239fa\" data-id=\"20239fa\" data-element_type=\"column\">\n\t\t\t<div class=\"elementor-widget-wrap elementor-element-populated\">\n\t\t\t\t\t\t<div class=\"elementor-element elementor-element-9c1291a elementor-widget elementor-widget-text-editor\" data-id=\"9c1291a\" data-element_type=\"widget\" data-widget_type=\"text-editor.default\">\n\t\t\t\t<div class=\"elementor-widget-container\">\n\t\t\t\t\t\t\t\t\t<p>Le savoir-faire acquis en plus de 75 ans dans le champ de l\u2019impression professionnelle d&rsquo;\u00e9tiquettes adh\u00e9sives et d&rsquo;\u00e9tiquettes Papier et Colle pour le <strong>march\u00e9 du vin<\/strong> nous permet de r\u00e9pondre aux besoins de chaque client, \u00e0 partir du petit producteur local \u00e0 la grande cave vinicole.<\/p><p>Notre \u00e9quipe technico-commerciale suit chaque projet \u00e0 toutes les \u00e9tapes de la mise en \u0153uvre pour comprendre les besoins du client et trouver ensemble des solutions pour valoriser au mieux chaque produit. La recherche constante de la qualit\u00e9 nous am\u00e8ne \u00e0 produire des \u00e9tiquettes adh\u00e9sives et des \u00e9tiquettes Papier et Colle haut de gamme pour le secteur du vin, avec des finitions particuli\u00e8rement raffin\u00e9es, une attention m\u00e9ticuleuse aux d\u00e9tails et des traitements sp\u00e9cifiques pour la r\u00e9sistance \u00e0 l&rsquo;humidit\u00e9 et au contact avec l&rsquo;eau. Chaque \u00e9tiquette met en valeur la cr\u00e9ativit\u00e9 du graphiste qui l&rsquo;a produite et exalte l&rsquo;univers de valeurs du producteur afin d&rsquo;aboutir \u00e0 un produit unique.<\/p>\t\t\t\t\t\t\t\t<\/div>\n\t\t\t\t<\/div>\n\t\t\t\t\t<\/div>\n\t\t<\/div>\n\t\t\t\t<div class=\"elementor-column elementor-col-50 elementor-top-column elementor-element elementor-element-b90d106\" data-id=\"b90d106\" data-element_type=\"column\">\n\t\t\t<div class=\"elementor-widget-wrap elementor-element-populated\">\n\t\t\t\t\t\t<div class=\"elementor-element elementor-element-616a472 elementor-widget elementor-widget-image\" data-id=\"616a472\" data-element_type=\"widget\" data-widget_type=\"image.default\">\n\t\t\t\t<div class=\"elementor-widget-container\">\n\t\t\t\t\t\t\t\t\t\t\t\t\t\t\t<img fetchpriority=\"high\" decoding=\"async\" width=\"1030\" height=\"687\" src=\"https:\/\/www.grafiche-tonutti.it\/wp-content\/uploads\/2021\/07\/referenze-stampa-etichette-vini.jpg\" class=\"attachment-large size-large wp-image-4777\" alt=\"referenze stampa etichette vini\" srcset=\"https:\/\/www.grafiche-tonutti.it\/wp-content\/uploads\/2021\/07\/referenze-stampa-etichette-vini.jpg 1030w, https:\/\/www.grafiche-tonutti.it\/wp-content\/uploads\/2021\/07\/referenze-stampa-etichette-vini-300x200.jpg 300w, https:\/\/www.grafiche-tonutti.it\/wp-content\/uploads\/2021\/07\/referenze-stampa-etichette-vini-768x512.jpg 768w, https:\/\/www.grafiche-tonutti.it\/wp-content\/uploads\/2021\/07\/referenze-stampa-etichette-vini-705x470.jpg 705w, https:\/\/www.grafiche-tonutti.it\/wp-content\/uploads\/2021\/07\/referenze-stampa-etichette-vini-450x300.jpg 450w\" sizes=\"(max-width: 1030px) 100vw, 1030px\" \/>\t\t\t\t\t\t\t\t\t\t\t\t\t\t\t<\/div>\n\t\t\t\t<\/div>\n\t\t\t\t\t<\/div>\n\t\t<\/div>\n\t\t\t\t\t<\/div>\n\t\t<\/section>\n\t\t\t\t<section class=\"elementor-section elementor-top-section elementor-element elementor-element-d8cacdf elementor-section-full_width elementor-section-stretched box-servizi elementor-section-height-default elementor-section-height-default\" data-id=\"d8cacdf\" data-element_type=\"section\" id=\"consulenza-tecnico\" data-settings=\"{&quot;stretch_section&quot;:&quot;section-stretched&quot;}\">\n\t\t\t\t\t\t<div class=\"elementor-container elementor-column-gap-no\">\n\t\t\t\t\t<div class=\"elementor-column elementor-col-100 elementor-top-column elementor-element elementor-element-72edc99f\" data-id=\"72edc99f\" data-element_type=\"column\">\n\t\t\t<div class=\"elementor-widget-wrap elementor-element-populated\">\n\t\t\t\t\t\t<section class=\"elementor-section elementor-inner-section elementor-element elementor-element-2d7a83b elementor-section-boxed elementor-section-height-default elementor-section-height-default\" data-id=\"2d7a83b\" data-element_type=\"section\" data-settings=\"{&quot;background_background&quot;:&quot;classic&quot;}\">\n\t\t\t\t\t\t<div class=\"elementor-container elementor-column-gap-default\">\n\t\t\t\t\t<div class=\"elementor-column elementor-col-100 elementor-inner-column elementor-element elementor-element-280fce5\" data-id=\"280fce5\" data-element_type=\"column\">\n\t\t\t<div class=\"elementor-widget-wrap elementor-element-populated\">\n\t\t\t\t\t\t<div class=\"elementor-element elementor-element-39a82f43 elementor-align-center btn-light elementor-widget elementor-widget-button\" data-id=\"39a82f43\" data-element_type=\"widget\" data-widget_type=\"button.default\">\n\t\t\t\t<div class=\"elementor-widget-container\">\n\t\t\t\t\t\t\t\t\t<div class=\"elementor-button-wrapper\">\n\t\t\t\t\t<a class=\"elementor-button elementor-button-link elementor-size-sm\" href=\"\" id=\"btn-consulenza-tecnico\">\n\t\t\t\t\t\t<span class=\"elementor-button-content-wrapper\">\n\t\t\t\t\t\t\t\t\t<span class=\"elementor-button-text\">Demandez conseil \u00e0 l'un de nos techniciens <\/span>\n\t\t\t\t\t<\/span>\n\t\t\t\t\t<\/a>\n\t\t\t\t<\/div>\n\t\t\t\t\t\t\t\t<\/div>\n\t\t\t\t<\/div>\n\t\t\t\t\t<\/div>\n\t\t<\/div>\n\t\t\t\t\t<\/div>\n\t\t<\/section>\n\t\t\t\t\t<\/div>\n\t\t<\/div>\n\t\t\t\t\t<\/div>\n\t\t<\/section>\n\t\t\t\t<section class=\"elementor-section elementor-top-section elementor-element elementor-element-2a66fb3 elementor-section-boxed elementor-section-height-default elementor-section-height-default\" data-id=\"2a66fb3\" data-element_type=\"section\" id=\"form-consulenza-tecnico\">\n\t\t\t\t\t\t<div class=\"elementor-container elementor-column-gap-wider\">\n\t\t\t\t\t<div class=\"elementor-column elementor-col-100 elementor-top-column elementor-element elementor-element-7431cd42\" data-id=\"7431cd42\" data-element_type=\"column\">\n\t\t\t<div class=\"elementor-widget-wrap elementor-element-populated\">\n\t\t\t\t\t\t<div class=\"elementor-element elementor-element-44491ba5 elementor-widget elementor-widget-heading\" data-id=\"44491ba5\" data-element_type=\"widget\" data-widget_type=\"heading.default\">\n\t\t\t\t<div class=\"elementor-widget-container\">\n\t\t\t\t\t<h3 class=\"elementor-heading-title elementor-size-large\">Demandez conseil \u00e0 l'un de nos techniciens <\/h3>\t\t\t\t<\/div>\n\t\t\t\t<\/div>\n\t\t\t\t<div class=\"elementor-element elementor-element-20f9d05d elementor-widget elementor-widget-html\" data-id=\"20f9d05d\" data-element_type=\"widget\" data-widget_type=\"html.default\">\n\t\t\t\t<div class=\"elementor-widget-container\">\n\t\t\t\t\t<script charset=\"utf-8\" type=\"text\/javascript\" src=\"\/\/js.hsforms.net\/forms\/shell.js\"><\/script>\r\n<script>\r\n  hbspt.forms.create({\r\n\tregion: \"na1\",\r\n\tportalId: \"19962299\",\r\n\tformId: \"9cafe663-aeeb-4c46-81de-857265a18f22\"\r\n});\r\n<\/script>\r\n\r\n<script>\r\njQuery(document).ready(function() {\r\n\tjQuery('#btn-consulenza-tecnico').attr('href','javascript:;');\r\n\r\n\tjQuery(\"#btn-consulenza-tecnico\").click(function() {\r\n\t\tjQuery('html, body').animate({\r\n            scrollTop: jQuery('#form-consulenza-tecnico').eq(0).offset().top - 400\r\n        }, 700);\r\n        jQuery('#form-consulenza-tecnico > div').show(\"slow\");\r\n        jQuery('#consulenza-tecnico').fadeOut(\"fast\");\r\n    });\r\n});\r\n\r\n<\/script>\t\t\t\t<\/div>\n\t\t\t\t<\/div>\n\t\t\t\t\t<\/div>\n\t\t<\/div>\n\t\t\t\t\t<\/div>\n\t\t<\/section>\n\t\t\t\t<section class=\"elementor-section elementor-top-section elementor-element elementor-element-99c6322 elementor-section-stretched elementor-section-full_width elementor-section-height-default elementor-section-height-default\" data-id=\"99c6322\" data-element_type=\"section\" data-settings=\"{&quot;motion_fx_motion_fx_scrolling&quot;:&quot;yes&quot;,&quot;motion_fx_translateY_effect&quot;:&quot;yes&quot;,&quot;motion_fx_translateY_speed&quot;:{&quot;unit&quot;:&quot;px&quot;,&quot;size&quot;:1,&quot;sizes&quot;:[]},&quot;stretch_section&quot;:&quot;section-stretched&quot;,&quot;motion_fx_translateY_affectedRange&quot;:{&quot;unit&quot;:&quot;%&quot;,&quot;size&quot;:&quot;&quot;,&quot;sizes&quot;:{&quot;start&quot;:0,&quot;end&quot;:100}},&quot;motion_fx_devices&quot;:[&quot;desktop&quot;,&quot;tablet&quot;,&quot;mobile&quot;]}\">\n\t\t\t\t\t\t<div class=\"elementor-container elementor-column-gap-no\">\n\t\t\t\t\t<div class=\"elementor-column elementor-col-100 elementor-top-column elementor-element elementor-element-f7f51c8\" data-id=\"f7f51c8\" data-element_type=\"column\">\n\t\t\t<div class=\"elementor-widget-wrap elementor-element-populated\">\n\t\t\t\t\t\t\t<\/div>\n\t\t<\/div>\n\t\t\t\t\t<\/div>\n\t\t<\/section>\n\t\t\t\t<section class=\"elementor-section elementor-top-section elementor-element elementor-element-b4ddd25 elementor-section-boxed elementor-section-height-default elementor-section-height-default\" data-id=\"b4ddd25\" data-element_type=\"section\" id=\"form-chiedi-preventivo\">\n\t\t\t\t\t\t<div class=\"elementor-container elementor-column-gap-wider\">\n\t\t\t\t\t<div class=\"elementor-column elementor-col-100 elementor-top-column elementor-element elementor-element-fc2d84e\" data-id=\"fc2d84e\" data-element_type=\"column\">\n\t\t\t<div class=\"elementor-widget-wrap elementor-element-populated\">\n\t\t\t\t\t\t<div class=\"elementor-element elementor-element-6e0e198 elementor-widget elementor-widget-heading\" data-id=\"6e0e198\" data-element_type=\"widget\" data-widget_type=\"heading.default\">\n\t\t\t\t<div class=\"elementor-widget-container\">\n\t\t\t\t\t<h3 class=\"elementor-heading-title elementor-size-large\">Demandez un devis <\/h3>\t\t\t\t<\/div>\n\t\t\t\t<\/div>\n\t\t\t\t<div class=\"elementor-element elementor-element-e7c06c6 elementor-widget elementor-widget-html\" data-id=\"e7c06c6\" data-element_type=\"widget\" data-widget_type=\"html.default\">\n\t\t\t\t<div class=\"elementor-widget-container\">\n\t\t\t\t\t<script charset=\"utf-8\" type=\"text\/javascript\" src=\"\/\/js.hsforms.net\/forms\/shell.js\"><\/script>\r\n<script>\r\n  hbspt.forms.create({\r\n\tregion: \"na1\",\r\n\tportalId: \"19962299\",\r\n\tformId: \"84a28a1a-03ca-4c22-9962-735cefc2448c\"\r\n});\r\n<\/script>\t\t\t\t<\/div>\n\t\t\t\t<\/div>\n\t\t\t\t\t<\/div>\n\t\t<\/div>\n\t\t\t\t\t<\/div>\n\t\t<\/section>\n\t\t\t\t<\/div>\n\t\t","protected":false},"excerpt":{"rendered":"<p>IMPRESSION D&rsquo;\u00c9TIQUETTES DE VIN Le savoir-faire acquis en plus de 75 ans dans le champ de l\u2019impression professionnelle d&rsquo;\u00e9tiquettes adh\u00e9sives et d&rsquo;\u00e9tiquettes Papier et Colle pour le march\u00e9 du vin nous permet de r\u00e9pondre aux besoins de chaque client, \u00e0 partir du petit producteur local \u00e0 la grande cave vinicole. Notre \u00e9quipe technico-commerciale suit chaque [&hellip;]<\/p>\n","protected":false},"author":2,"featured_media":0,"parent":6414,"menu_order":17,"comment_status":"closed","ping_status":"closed","template":"","meta":{"inline_featured_image":false,"footnotes":""},"categories":[],"tags":[],"class_list":["post-6420","page","type-page","status-publish","hentry"],"yoast_head":"<!-- This site is optimized with the Yoast SEO plugin v26.8 - https:\/\/yoast.com\/product\/yoast-seo-wordpress\/ -->\n<title>R\u00e9f\u00e9rences pour l&#039;impression d&#039;\u00e9tiquettes de vin - grafiche-tonutti.it<\/title>\n<meta name=\"description\" content=\"Impression d&#039;\u00e9tiquettes adh\u00e9sives et d&#039;\u00e9tiquettes en Papier et Colle pour le march\u00e9 du vin. Plus de 75 ans d&#039;exp\u00e9rience. Finitions raffin\u00e9es. Pour plus d&#039;informations: 0432 800341\" \/>\n<meta name=\"robots\" content=\"index, follow, max-snippet:-1, max-image-preview:large, max-video-preview:-1\" \/>\n<link rel=\"canonical\" href=\"https:\/\/www.grafiche-tonutti.it\/fr\/references\/impression-etiquettes-de-vin\/\" \/>\n<meta property=\"og:locale\" content=\"fr_FR\" \/>\n<meta property=\"og:type\" content=\"article\" \/>\n<meta property=\"og:title\" content=\"R\u00e9f\u00e9rences pour l&#039;impression d&#039;\u00e9tiquettes de vin - grafiche-tonutti.it\" \/>\n<meta property=\"og:description\" content=\"Impression d&#039;\u00e9tiquettes adh\u00e9sives et d&#039;\u00e9tiquettes en Papier et Colle pour le march\u00e9 du vin. Plus de 75 ans d&#039;exp\u00e9rience. Finitions raffin\u00e9es. Pour plus d&#039;informations: 0432 800341\" \/>\n<meta property=\"og:url\" content=\"https:\/\/www.grafiche-tonutti.it\/fr\/references\/impression-etiquettes-de-vin\/\" \/>\n<meta property=\"og:site_name\" content=\"Tonutti\" \/>\n<meta property=\"article:publisher\" content=\"https:\/\/www.facebook.com\/TonuttiTecnicheGraficheSpA\/\" \/>\n<meta property=\"article:modified_time\" content=\"2022-03-09T14:08:26+00:00\" \/>\n<meta property=\"og:image\" content=\"https:\/\/www.grafiche-tonutti.it\/wp-content\/uploads\/2021\/07\/referenze-stampa-etichette-vini.jpg\" \/>\n<meta name=\"twitter:card\" content=\"summary_large_image\" \/>\n<meta name=\"twitter:label1\" content=\"Dur\u00e9e de lecture estim\u00e9e\" \/>\n\t<meta name=\"twitter:data1\" content=\"1 minute\" \/>\n<script type=\"application\/ld+json\" class=\"yoast-schema-graph\">{\"@context\":\"https:\/\/schema.org\",\"@graph\":[{\"@type\":\"WebPage\",\"@id\":\"https:\/\/www.grafiche-tonutti.it\/fr\/references\/impression-etiquettes-de-vin\/\",\"url\":\"https:\/\/www.grafiche-tonutti.it\/fr\/references\/impression-etiquettes-de-vin\/\",\"name\":\"R\u00e9f\u00e9rences pour l'impression d'\u00e9tiquettes de vin - grafiche-tonutti.it\",\"isPartOf\":{\"@id\":\"https:\/\/www.grafiche-tonutti.it\/#website\"},\"primaryImageOfPage\":{\"@id\":\"https:\/\/www.grafiche-tonutti.it\/fr\/references\/impression-etiquettes-de-vin\/#primaryimage\"},\"image\":{\"@id\":\"https:\/\/www.grafiche-tonutti.it\/fr\/references\/impression-etiquettes-de-vin\/#primaryimage\"},\"thumbnailUrl\":\"https:\/\/www.grafiche-tonutti.it\/wp-content\/uploads\/2021\/07\/referenze-stampa-etichette-vini.jpg\",\"datePublished\":\"2022-03-08T13:09:11+00:00\",\"dateModified\":\"2022-03-09T14:08:26+00:00\",\"description\":\"Impression d'\u00e9tiquettes adh\u00e9sives et d'\u00e9tiquettes en Papier et Colle pour le march\u00e9 du vin. Plus de 75 ans d'exp\u00e9rience. Finitions raffin\u00e9es. Pour plus d'informations: 0432 800341\",\"breadcrumb\":{\"@id\":\"https:\/\/www.grafiche-tonutti.it\/fr\/references\/impression-etiquettes-de-vin\/#breadcrumb\"},\"inLanguage\":\"fr-FR\",\"potentialAction\":[{\"@type\":\"ReadAction\",\"target\":[\"https:\/\/www.grafiche-tonutti.it\/fr\/references\/impression-etiquettes-de-vin\/\"]}]},{\"@type\":\"ImageObject\",\"inLanguage\":\"fr-FR\",\"@id\":\"https:\/\/www.grafiche-tonutti.it\/fr\/references\/impression-etiquettes-de-vin\/#primaryimage\",\"url\":\"https:\/\/www.grafiche-tonutti.it\/wp-content\/uploads\/2021\/07\/referenze-stampa-etichette-vini.jpg\",\"contentUrl\":\"https:\/\/www.grafiche-tonutti.it\/wp-content\/uploads\/2021\/07\/referenze-stampa-etichette-vini.jpg\"},{\"@type\":\"BreadcrumbList\",\"@id\":\"https:\/\/www.grafiche-tonutti.it\/fr\/references\/impression-etiquettes-de-vin\/#breadcrumb\",\"itemListElement\":[{\"@type\":\"ListItem\",\"position\":1,\"name\":\"Home\",\"item\":\"https:\/\/www.grafiche-tonutti.it\/\"},{\"@type\":\"ListItem\",\"position\":2,\"name\":\"R\u00e9f\u00e9rences\",\"item\":\"https:\/\/www.grafiche-tonutti.it\/fr\/references\/\"},{\"@type\":\"ListItem\",\"position\":3,\"name\":\"Impression d&rsquo;\u00e9tiquettes de vin\"}]},{\"@type\":\"WebSite\",\"@id\":\"https:\/\/www.grafiche-tonutti.it\/#website\",\"url\":\"https:\/\/www.grafiche-tonutti.it\/\",\"name\":\"www.grafiche-tonutti.it\",\"description\":\"Etichette per un mondo che cambia\",\"publisher\":{\"@id\":\"https:\/\/www.grafiche-tonutti.it\/#organization\"},\"potentialAction\":[{\"@type\":\"SearchAction\",\"target\":{\"@type\":\"EntryPoint\",\"urlTemplate\":\"https:\/\/www.grafiche-tonutti.it\/?s={search_term_string}\"},\"query-input\":{\"@type\":\"PropertyValueSpecification\",\"valueRequired\":true,\"valueName\":\"search_term_string\"}}],\"inLanguage\":\"fr-FR\"},{\"@type\":\"Organization\",\"@id\":\"https:\/\/www.grafiche-tonutti.it\/#organization\",\"name\":\"Tonutti Tecniche Grafiche S.p.A.\",\"url\":\"https:\/\/www.grafiche-tonutti.it\/\",\"logo\":{\"@type\":\"ImageObject\",\"inLanguage\":\"fr-FR\",\"@id\":\"https:\/\/www.grafiche-tonutti.it\/#\/schema\/logo\/image\/\",\"url\":\"https:\/\/www.grafiche-tonutti.it\/wp-content\/uploads\/2024\/01\/MARCHIO-E-LOGO_more-than-labels_alliance.png\",\"contentUrl\":\"https:\/\/www.grafiche-tonutti.it\/wp-content\/uploads\/2024\/01\/MARCHIO-E-LOGO_more-than-labels_alliance.png\",\"width\":283,\"height\":211,\"caption\":\"Tonutti Tecniche Grafiche S.p.A.\"},\"image\":{\"@id\":\"https:\/\/www.grafiche-tonutti.it\/#\/schema\/logo\/image\/\"},\"sameAs\":[\"https:\/\/www.facebook.com\/TonuttiTecnicheGraficheSpA\/\",\"https:\/\/www.instagram.com\/tonuttitecnichegrafiche\/\",\"https:\/\/www.linkedin.com\/company\/tonutti-tecniche-grafiche-spa\",\"https:\/\/www.youtube.com\/channel\/UCRYgey4GRtPal2Gygdvw_lA\"]}]}<\/script>\n<!-- \/ Yoast SEO plugin. -->","yoast_head_json":{"title":"R\u00e9f\u00e9rences pour l'impression d'\u00e9tiquettes de vin - grafiche-tonutti.it","description":"Impression d'\u00e9tiquettes adh\u00e9sives et d'\u00e9tiquettes en Papier et Colle pour le march\u00e9 du vin. Plus de 75 ans d'exp\u00e9rience. Finitions raffin\u00e9es. Pour plus d'informations: 0432 800341","robots":{"index":"index","follow":"follow","max-snippet":"max-snippet:-1","max-image-preview":"max-image-preview:large","max-video-preview":"max-video-preview:-1"},"canonical":"https:\/\/www.grafiche-tonutti.it\/fr\/references\/impression-etiquettes-de-vin\/","og_locale":"fr_FR","og_type":"article","og_title":"R\u00e9f\u00e9rences pour l'impression d'\u00e9tiquettes de vin - grafiche-tonutti.it","og_description":"Impression d'\u00e9tiquettes adh\u00e9sives et d'\u00e9tiquettes en Papier et Colle pour le march\u00e9 du vin. Plus de 75 ans d'exp\u00e9rience. Finitions raffin\u00e9es. Pour plus d'informations: 0432 800341","og_url":"https:\/\/www.grafiche-tonutti.it\/fr\/references\/impression-etiquettes-de-vin\/","og_site_name":"Tonutti","article_publisher":"https:\/\/www.facebook.com\/TonuttiTecnicheGraficheSpA\/","article_modified_time":"2022-03-09T14:08:26+00:00","og_image":[{"url":"https:\/\/www.grafiche-tonutti.it\/wp-content\/uploads\/2021\/07\/referenze-stampa-etichette-vini.jpg","type":"","width":"","height":""}],"twitter_card":"summary_large_image","twitter_misc":{"Dur\u00e9e de lecture estim\u00e9e":"1 minute"},"schema":{"@context":"https:\/\/schema.org","@graph":[{"@type":"WebPage","@id":"https:\/\/www.grafiche-tonutti.it\/fr\/references\/impression-etiquettes-de-vin\/","url":"https:\/\/www.grafiche-tonutti.it\/fr\/references\/impression-etiquettes-de-vin\/","name":"R\u00e9f\u00e9rences pour l'impression d'\u00e9tiquettes de vin - grafiche-tonutti.it","isPartOf":{"@id":"https:\/\/www.grafiche-tonutti.it\/#website"},"primaryImageOfPage":{"@id":"https:\/\/www.grafiche-tonutti.it\/fr\/references\/impression-etiquettes-de-vin\/#primaryimage"},"image":{"@id":"https:\/\/www.grafiche-tonutti.it\/fr\/references\/impression-etiquettes-de-vin\/#primaryimage"},"thumbnailUrl":"https:\/\/www.grafiche-tonutti.it\/wp-content\/uploads\/2021\/07\/referenze-stampa-etichette-vini.jpg","datePublished":"2022-03-08T13:09:11+00:00","dateModified":"2022-03-09T14:08:26+00:00","description":"Impression d'\u00e9tiquettes adh\u00e9sives et d'\u00e9tiquettes en Papier et Colle pour le march\u00e9 du vin. Plus de 75 ans d'exp\u00e9rience. Finitions raffin\u00e9es. Pour plus d'informations: 0432 800341","breadcrumb":{"@id":"https:\/\/www.grafiche-tonutti.it\/fr\/references\/impression-etiquettes-de-vin\/#breadcrumb"},"inLanguage":"fr-FR","potentialAction":[{"@type":"ReadAction","target":["https:\/\/www.grafiche-tonutti.it\/fr\/references\/impression-etiquettes-de-vin\/"]}]},{"@type":"ImageObject","inLanguage":"fr-FR","@id":"https:\/\/www.grafiche-tonutti.it\/fr\/references\/impression-etiquettes-de-vin\/#primaryimage","url":"https:\/\/www.grafiche-tonutti.it\/wp-content\/uploads\/2021\/07\/referenze-stampa-etichette-vini.jpg","contentUrl":"https:\/\/www.grafiche-tonutti.it\/wp-content\/uploads\/2021\/07\/referenze-stampa-etichette-vini.jpg"},{"@type":"BreadcrumbList","@id":"https:\/\/www.grafiche-tonutti.it\/fr\/references\/impression-etiquettes-de-vin\/#breadcrumb","itemListElement":[{"@type":"ListItem","position":1,"name":"Home","item":"https:\/\/www.grafiche-tonutti.it\/"},{"@type":"ListItem","position":2,"name":"R\u00e9f\u00e9rences","item":"https:\/\/www.grafiche-tonutti.it\/fr\/references\/"},{"@type":"ListItem","position":3,"name":"Impression d&rsquo;\u00e9tiquettes de vin"}]},{"@type":"WebSite","@id":"https:\/\/www.grafiche-tonutti.it\/#website","url":"https:\/\/www.grafiche-tonutti.it\/","name":"www.grafiche-tonutti.it","description":"Etichette per un mondo che cambia","publisher":{"@id":"https:\/\/www.grafiche-tonutti.it\/#organization"},"potentialAction":[{"@type":"SearchAction","target":{"@type":"EntryPoint","urlTemplate":"https:\/\/www.grafiche-tonutti.it\/?s={search_term_string}"},"query-input":{"@type":"PropertyValueSpecification","valueRequired":true,"valueName":"search_term_string"}}],"inLanguage":"fr-FR"},{"@type":"Organization","@id":"https:\/\/www.grafiche-tonutti.it\/#organization","name":"Tonutti Tecniche Grafiche S.p.A.","url":"https:\/\/www.grafiche-tonutti.it\/","logo":{"@type":"ImageObject","inLanguage":"fr-FR","@id":"https:\/\/www.grafiche-tonutti.it\/#\/schema\/logo\/image\/","url":"https:\/\/www.grafiche-tonutti.it\/wp-content\/uploads\/2024\/01\/MARCHIO-E-LOGO_more-than-labels_alliance.png","contentUrl":"https:\/\/www.grafiche-tonutti.it\/wp-content\/uploads\/2024\/01\/MARCHIO-E-LOGO_more-than-labels_alliance.png","width":283,"height":211,"caption":"Tonutti Tecniche Grafiche S.p.A."},"image":{"@id":"https:\/\/www.grafiche-tonutti.it\/#\/schema\/logo\/image\/"},"sameAs":["https:\/\/www.facebook.com\/TonuttiTecnicheGraficheSpA\/","https:\/\/www.instagram.com\/tonuttitecnichegrafiche\/","https:\/\/www.linkedin.com\/company\/tonutti-tecniche-grafiche-spa","https:\/\/www.youtube.com\/channel\/UCRYgey4GRtPal2Gygdvw_lA"]}]}},"_links":{"self":[{"href":"https:\/\/www.grafiche-tonutti.it\/fr\/wp-json\/wp\/v2\/pages\/6420","targetHints":{"allow":["GET"]}}],"collection":[{"href":"https:\/\/www.grafiche-tonutti.it\/fr\/wp-json\/wp\/v2\/pages"}],"about":[{"href":"https:\/\/www.grafiche-tonutti.it\/fr\/wp-json\/wp\/v2\/types\/page"}],"author":[{"embeddable":true,"href":"https:\/\/www.grafiche-tonutti.it\/fr\/wp-json\/wp\/v2\/users\/2"}],"replies":[{"embeddable":true,"href":"https:\/\/www.grafiche-tonutti.it\/fr\/wp-json\/wp\/v2\/comments?post=6420"}],"version-history":[{"count":6,"href":"https:\/\/www.grafiche-tonutti.it\/fr\/wp-json\/wp\/v2\/pages\/6420\/revisions"}],"predecessor-version":[{"id":6648,"href":"https:\/\/www.grafiche-tonutti.it\/fr\/wp-json\/wp\/v2\/pages\/6420\/revisions\/6648"}],"up":[{"embeddable":true,"href":"https:\/\/www.grafiche-tonutti.it\/fr\/wp-json\/wp\/v2\/pages\/6414"}],"wp:attachment":[{"href":"https:\/\/www.grafiche-tonutti.it\/fr\/wp-json\/wp\/v2\/media?parent=6420"}],"wp:term":[{"taxonomy":"category","embeddable":true,"href":"https:\/\/www.grafiche-tonutti.it\/fr\/wp-json\/wp\/v2\/categories?post=6420"},{"taxonomy":"post_tag","embeddable":true,"href":"https:\/\/www.grafiche-tonutti.it\/fr\/wp-json\/wp\/v2\/tags?post=6420"}],"curies":[{"name":"wp","href":"https:\/\/api.w.org\/{rel}","templated":true}]}}