{"id":6426,"date":"2022-03-08T14:51:20","date_gmt":"2022-03-08T13:51:20","guid":{"rendered":"https:\/\/www.grafiche-tonutti.it\/?page_id=6426"},"modified":"2022-03-09T15:17:29","modified_gmt":"2022-03-09T14:17:29","slug":"impression-etiquettes-pour-liqueurs","status":"publish","type":"page","link":"https:\/\/www.grafiche-tonutti.it\/fr\/references\/impression-etiquettes-pour-liqueurs\/","title":{"rendered":"Impression d&rsquo;\u00e9tiquettes pour liqueurs"},"content":{"rendered":"\t\t<div data-elementor-type=\"wp-page\" data-elementor-id=\"6426\" class=\"elementor elementor-6426 elementor-3229\" data-elementor-post-type=\"page\">\n\t\t\t\t\t\t<section class=\"elementor-section elementor-top-section elementor-element elementor-element-39b7b2e elementor-section-items-top elementor-section-height-min-height elementor-section-stretched elementor-section-full_width elementor-section-height-default\" data-id=\"39b7b2e\" data-element_type=\"section\" data-settings=\"{&quot;background_background&quot;:&quot;classic&quot;,&quot;stretch_section&quot;:&quot;section-stretched&quot;}\">\n\t\t\t\t\t\t\t<div class=\"elementor-background-overlay\"><\/div>\n\t\t\t\t\t\t\t<div class=\"elementor-container elementor-column-gap-default\">\n\t\t\t\t\t<div class=\"elementor-column elementor-col-100 elementor-top-column elementor-element elementor-element-420fc04d\" data-id=\"420fc04d\" data-element_type=\"column\">\n\t\t\t<div class=\"elementor-widget-wrap elementor-element-populated\">\n\t\t\t\t\t\t<section class=\"elementor-section elementor-inner-section elementor-element elementor-element-4a3d1ea9 elementor-section-boxed elementor-section-height-default elementor-section-height-default\" data-id=\"4a3d1ea9\" data-element_type=\"section\">\n\t\t\t\t\t\t<div class=\"elementor-container elementor-column-gap-wider\">\n\t\t\t\t\t<div class=\"elementor-column elementor-col-100 elementor-inner-column elementor-element elementor-element-32dd2fa5\" data-id=\"32dd2fa5\" data-element_type=\"column\">\n\t\t\t<div class=\"elementor-widget-wrap elementor-element-populated\">\n\t\t\t\t\t\t<div class=\"elementor-element elementor-element-3e7a5046 elementor-widget elementor-widget-heading\" data-id=\"3e7a5046\" data-element_type=\"widget\" data-widget_type=\"heading.default\">\n\t\t\t\t<div class=\"elementor-widget-container\">\n\t\t\t\t\t<h1 class=\"elementor-heading-title elementor-size-large\">IMPRESSION D'\u00c9TIQUETTES POUR LIQUEURS<\/h1>\t\t\t\t<\/div>\n\t\t\t\t<\/div>\n\t\t\t\t\t<\/div>\n\t\t<\/div>\n\t\t\t\t\t<\/div>\n\t\t<\/section>\n\t\t\t\t\t<\/div>\n\t\t<\/div>\n\t\t\t\t\t<\/div>\n\t\t<\/section>\n\t\t\t\t<section class=\"elementor-section elementor-top-section elementor-element elementor-element-bc2ced6 elementor-section-boxed elementor-section-height-default elementor-section-height-default\" data-id=\"bc2ced6\" data-element_type=\"section\">\n\t\t\t\t\t\t<div class=\"elementor-container elementor-column-gap-wider\">\n\t\t\t\t\t<div class=\"elementor-column elementor-col-50 elementor-top-column elementor-element elementor-element-20239fa\" data-id=\"20239fa\" data-element_type=\"column\">\n\t\t\t<div class=\"elementor-widget-wrap elementor-element-populated\">\n\t\t\t\t\t\t<div class=\"elementor-element elementor-element-9c1291a elementor-widget elementor-widget-text-editor\" data-id=\"9c1291a\" data-element_type=\"widget\" data-widget_type=\"text-editor.default\">\n\t\t\t\t<div class=\"elementor-widget-container\">\n\t\t\t\t\t\t\t\t\t<p>L&rsquo;attention m\u00e9ticuleuse port\u00e9e aux d\u00e9tails, associ\u00e9e \u00e0 une capacit\u00e9 in\u00e9gal\u00e9e d&#8217;embellir une \u00e9tiquette adh\u00e9sive avec les techniques d&rsquo;ennoblissement les plus modernes, permet \u00e0 chaque <strong>bouteille de liqueur<\/strong> d&rsquo;\u00eatre habill\u00e9e d&rsquo;une robe de grand effet et d&rsquo;une \u00e9l\u00e9gance absolue. Nous collaborons avec les plus grands studios graphiques nationaux et internationaux pour cr\u00e9er des \u00e9tiquettes adh\u00e9sives de tr\u00e8s haute qualit\u00e9.<\/p>\t\t\t\t\t\t\t\t<\/div>\n\t\t\t\t<\/div>\n\t\t\t\t\t<\/div>\n\t\t<\/div>\n\t\t\t\t<div class=\"elementor-column elementor-col-50 elementor-top-column elementor-element elementor-element-b90d106\" data-id=\"b90d106\" data-element_type=\"column\">\n\t\t\t<div class=\"elementor-widget-wrap elementor-element-populated\">\n\t\t\t\t\t\t<div class=\"elementor-element elementor-element-616a472 elementor-widget elementor-widget-image\" data-id=\"616a472\" data-element_type=\"widget\" data-widget_type=\"image.default\">\n\t\t\t\t<div class=\"elementor-widget-container\">\n\t\t\t\t\t\t\t\t\t\t\t\t\t\t\t<img fetchpriority=\"high\" decoding=\"async\" width=\"1030\" height=\"680\" src=\"https:\/\/www.grafiche-tonutti.it\/wp-content\/uploads\/2021\/07\/referenze-stampa-etichette-liquori.jpg\" class=\"attachment-large size-large wp-image-4780\" alt=\"referenze stampa etichette liquori\" srcset=\"https:\/\/www.grafiche-tonutti.it\/wp-content\/uploads\/2021\/07\/referenze-stampa-etichette-liquori.jpg 1030w, https:\/\/www.grafiche-tonutti.it\/wp-content\/uploads\/2021\/07\/referenze-stampa-etichette-liquori-300x198.jpg 300w, https:\/\/www.grafiche-tonutti.it\/wp-content\/uploads\/2021\/07\/referenze-stampa-etichette-liquori-768x507.jpg 768w, https:\/\/www.grafiche-tonutti.it\/wp-content\/uploads\/2021\/07\/referenze-stampa-etichette-liquori-705x465.jpg 705w, https:\/\/www.grafiche-tonutti.it\/wp-content\/uploads\/2021\/07\/referenze-stampa-etichette-liquori-450x297.jpg 450w\" sizes=\"(max-width: 1030px) 100vw, 1030px\" \/>\t\t\t\t\t\t\t\t\t\t\t\t\t\t\t<\/div>\n\t\t\t\t<\/div>\n\t\t\t\t\t<\/div>\n\t\t<\/div>\n\t\t\t\t\t<\/div>\n\t\t<\/section>\n\t\t\t\t<section class=\"elementor-section elementor-top-section elementor-element elementor-element-70064ede elementor-section-full_width elementor-section-stretched box-servizi elementor-section-height-default elementor-section-height-default\" data-id=\"70064ede\" data-element_type=\"section\" id=\"consulenza-tecnico\" data-settings=\"{&quot;stretch_section&quot;:&quot;section-stretched&quot;}\">\n\t\t\t\t\t\t<div class=\"elementor-container elementor-column-gap-no\">\n\t\t\t\t\t<div class=\"elementor-column elementor-col-100 elementor-top-column elementor-element elementor-element-34b8f716\" data-id=\"34b8f716\" data-element_type=\"column\">\n\t\t\t<div class=\"elementor-widget-wrap elementor-element-populated\">\n\t\t\t\t\t\t<section class=\"elementor-section elementor-inner-section elementor-element elementor-element-34771146 elementor-section-boxed elementor-section-height-default elementor-section-height-default\" data-id=\"34771146\" data-element_type=\"section\" data-settings=\"{&quot;background_background&quot;:&quot;classic&quot;}\">\n\t\t\t\t\t\t<div class=\"elementor-container elementor-column-gap-default\">\n\t\t\t\t\t<div class=\"elementor-column elementor-col-100 elementor-inner-column elementor-element elementor-element-67ed9d58\" data-id=\"67ed9d58\" data-element_type=\"column\">\n\t\t\t<div class=\"elementor-widget-wrap elementor-element-populated\">\n\t\t\t\t\t\t<div class=\"elementor-element elementor-element-17668b36 elementor-align-center btn-light elementor-widget elementor-widget-button\" data-id=\"17668b36\" data-element_type=\"widget\" data-widget_type=\"button.default\">\n\t\t\t\t<div class=\"elementor-widget-container\">\n\t\t\t\t\t\t\t\t\t<div class=\"elementor-button-wrapper\">\n\t\t\t\t\t<a class=\"elementor-button elementor-button-link elementor-size-sm\" href=\"\" id=\"btn-consulenza-tecnico\">\n\t\t\t\t\t\t<span class=\"elementor-button-content-wrapper\">\n\t\t\t\t\t\t\t\t\t<span class=\"elementor-button-text\">Demandez conseil \u00e0 l'un de nos techniciens <\/span>\n\t\t\t\t\t<\/span>\n\t\t\t\t\t<\/a>\n\t\t\t\t<\/div>\n\t\t\t\t\t\t\t\t<\/div>\n\t\t\t\t<\/div>\n\t\t\t\t\t<\/div>\n\t\t<\/div>\n\t\t\t\t\t<\/div>\n\t\t<\/section>\n\t\t\t\t\t<\/div>\n\t\t<\/div>\n\t\t\t\t\t<\/div>\n\t\t<\/section>\n\t\t\t\t<section class=\"elementor-section elementor-top-section elementor-element elementor-element-61359323 elementor-section-boxed elementor-section-height-default elementor-section-height-default\" data-id=\"61359323\" data-element_type=\"section\" id=\"form-consulenza-tecnico\">\n\t\t\t\t\t\t<div class=\"elementor-container elementor-column-gap-wider\">\n\t\t\t\t\t<div class=\"elementor-column elementor-col-100 elementor-top-column elementor-element elementor-element-613cb03e\" data-id=\"613cb03e\" data-element_type=\"column\">\n\t\t\t<div class=\"elementor-widget-wrap elementor-element-populated\">\n\t\t\t\t\t\t<div class=\"elementor-element elementor-element-38895d04 elementor-widget elementor-widget-heading\" data-id=\"38895d04\" data-element_type=\"widget\" data-widget_type=\"heading.default\">\n\t\t\t\t<div class=\"elementor-widget-container\">\n\t\t\t\t\t<h3 class=\"elementor-heading-title elementor-size-large\">Demandez conseil \u00e0 l'un de nos techniciens <\/h3>\t\t\t\t<\/div>\n\t\t\t\t<\/div>\n\t\t\t\t<div class=\"elementor-element elementor-element-1d29ac62 elementor-widget elementor-widget-html\" data-id=\"1d29ac62\" data-element_type=\"widget\" data-widget_type=\"html.default\">\n\t\t\t\t<div class=\"elementor-widget-container\">\n\t\t\t\t\t<script charset=\"utf-8\" type=\"text\/javascript\" src=\"\/\/js.hsforms.net\/forms\/shell.js\"><\/script>\r\n<script>\r\n  hbspt.forms.create({\r\n\tregion: \"na1\",\r\n\tportalId: \"19962299\",\r\n\tformId: \"9cafe663-aeeb-4c46-81de-857265a18f22\"\r\n});\r\n<\/script>\r\n\r\n<script>\r\njQuery(document).ready(function() {\r\n\tjQuery('#btn-consulenza-tecnico').attr('href','javascript:;');\r\n\r\n\tjQuery(\"#btn-consulenza-tecnico\").click(function() {\r\n\t\tjQuery('html, body').animate({\r\n            scrollTop: jQuery('#form-consulenza-tecnico').eq(0).offset().top - 400\r\n        }, 700);\r\n        jQuery('#form-consulenza-tecnico > div').show(\"slow\");\r\n        jQuery('#consulenza-tecnico').fadeOut(\"fast\");\r\n    });\r\n});\r\n\r\n<\/script>\t\t\t\t<\/div>\n\t\t\t\t<\/div>\n\t\t\t\t\t<\/div>\n\t\t<\/div>\n\t\t\t\t\t<\/div>\n\t\t<\/section>\n\t\t\t\t<section class=\"elementor-section elementor-top-section elementor-element elementor-element-99c6322 elementor-section-stretched elementor-section-full_width elementor-section-height-default elementor-section-height-default\" data-id=\"99c6322\" data-element_type=\"section\" data-settings=\"{&quot;motion_fx_motion_fx_scrolling&quot;:&quot;yes&quot;,&quot;motion_fx_translateY_effect&quot;:&quot;yes&quot;,&quot;motion_fx_translateY_speed&quot;:{&quot;unit&quot;:&quot;px&quot;,&quot;size&quot;:1,&quot;sizes&quot;:[]},&quot;stretch_section&quot;:&quot;section-stretched&quot;,&quot;motion_fx_translateY_affectedRange&quot;:{&quot;unit&quot;:&quot;%&quot;,&quot;size&quot;:&quot;&quot;,&quot;sizes&quot;:{&quot;start&quot;:0,&quot;end&quot;:100}},&quot;motion_fx_devices&quot;:[&quot;desktop&quot;,&quot;tablet&quot;,&quot;mobile&quot;]}\">\n\t\t\t\t\t\t<div class=\"elementor-container elementor-column-gap-no\">\n\t\t\t\t\t<div class=\"elementor-column elementor-col-100 elementor-top-column elementor-element elementor-element-f7f51c8\" data-id=\"f7f51c8\" data-element_type=\"column\">\n\t\t\t<div class=\"elementor-widget-wrap elementor-element-populated\">\n\t\t\t\t\t\t\t<\/div>\n\t\t<\/div>\n\t\t\t\t\t<\/div>\n\t\t<\/section>\n\t\t\t\t<section class=\"elementor-section elementor-top-section elementor-element elementor-element-b4ddd25 elementor-section-boxed elementor-section-height-default elementor-section-height-default\" data-id=\"b4ddd25\" data-element_type=\"section\" id=\"form-chiedi-preventivo\">\n\t\t\t\t\t\t<div class=\"elementor-container elementor-column-gap-wider\">\n\t\t\t\t\t<div class=\"elementor-column elementor-col-100 elementor-top-column elementor-element elementor-element-fc2d84e\" data-id=\"fc2d84e\" data-element_type=\"column\">\n\t\t\t<div class=\"elementor-widget-wrap elementor-element-populated\">\n\t\t\t\t\t\t<div class=\"elementor-element elementor-element-6e0e198 elementor-widget elementor-widget-heading\" data-id=\"6e0e198\" data-element_type=\"widget\" data-widget_type=\"heading.default\">\n\t\t\t\t<div class=\"elementor-widget-container\">\n\t\t\t\t\t<h3 class=\"elementor-heading-title elementor-size-large\">Demandez un devis <\/h3>\t\t\t\t<\/div>\n\t\t\t\t<\/div>\n\t\t\t\t<div class=\"elementor-element elementor-element-e7c06c6 elementor-widget elementor-widget-html\" data-id=\"e7c06c6\" data-element_type=\"widget\" data-widget_type=\"html.default\">\n\t\t\t\t<div class=\"elementor-widget-container\">\n\t\t\t\t\t<script charset=\"utf-8\" type=\"text\/javascript\" src=\"\/\/js.hsforms.net\/forms\/shell.js\"><\/script>\r\n<script>\r\n  hbspt.forms.create({\r\n\tregion: \"na1\",\r\n\tportalId: \"19962299\",\r\n\tformId: \"84a28a1a-03ca-4c22-9962-735cefc2448c\"\r\n});\r\n<\/script>\t\t\t\t<\/div>\n\t\t\t\t<\/div>\n\t\t\t\t\t<\/div>\n\t\t<\/div>\n\t\t\t\t\t<\/div>\n\t\t<\/section>\n\t\t\t\t<\/div>\n\t\t","protected":false},"excerpt":{"rendered":"<p>IMPRESSION D&rsquo;\u00c9TIQUETTES POUR LIQUEURS L&rsquo;attention m\u00e9ticuleuse port\u00e9e aux d\u00e9tails, associ\u00e9e \u00e0 une capacit\u00e9 in\u00e9gal\u00e9e d&#8217;embellir une \u00e9tiquette adh\u00e9sive avec les techniques d&rsquo;ennoblissement les plus modernes, permet \u00e0 chaque bouteille de liqueur d&rsquo;\u00eatre habill\u00e9e d&rsquo;une robe de grand effet et d&rsquo;une \u00e9l\u00e9gance absolue. Nous collaborons avec les plus grands studios graphiques nationaux et internationaux pour cr\u00e9er [&hellip;]<\/p>\n","protected":false},"author":2,"featured_media":0,"parent":6414,"menu_order":18,"comment_status":"closed","ping_status":"closed","template":"","meta":{"inline_featured_image":false,"footnotes":""},"categories":[],"tags":[],"class_list":["post-6426","page","type-page","status-publish","hentry"],"yoast_head":"<!-- This site is optimized with the Yoast SEO plugin v26.8 - https:\/\/yoast.com\/product\/yoast-seo-wordpress\/ -->\n<title>R\u00e9f\u00e9rences pour l&#039;impression d&#039;\u00e9tiquettes pour liqueurs- grafiche-tonutti.it<\/title>\n<meta name=\"description\" content=\"Impression d&#039;\u00e9tiquettes pour le march\u00e9 des spiritueux \u00e0 agr\u00e9menter avec des techniques de finition modernes. Finitions raffin\u00e9es. Pour plus d&#039;informations: 0432 800341\" \/>\n<meta name=\"robots\" content=\"index, follow, max-snippet:-1, max-image-preview:large, max-video-preview:-1\" \/>\n<link rel=\"canonical\" href=\"https:\/\/www.grafiche-tonutti.it\/fr\/references\/impression-etiquettes-pour-liqueurs\/\" \/>\n<meta property=\"og:locale\" content=\"fr_FR\" \/>\n<meta property=\"og:type\" content=\"article\" \/>\n<meta property=\"og:title\" content=\"R\u00e9f\u00e9rences pour l&#039;impression d&#039;\u00e9tiquettes pour liqueurs- grafiche-tonutti.it\" \/>\n<meta property=\"og:description\" content=\"Impression d&#039;\u00e9tiquettes pour le march\u00e9 des spiritueux \u00e0 agr\u00e9menter avec des techniques de finition modernes. Finitions raffin\u00e9es. Pour plus d&#039;informations: 0432 800341\" \/>\n<meta property=\"og:url\" content=\"https:\/\/www.grafiche-tonutti.it\/fr\/references\/impression-etiquettes-pour-liqueurs\/\" \/>\n<meta property=\"og:site_name\" content=\"Tonutti\" \/>\n<meta property=\"article:publisher\" content=\"https:\/\/www.facebook.com\/TonuttiTecnicheGraficheSpA\/\" \/>\n<meta property=\"article:modified_time\" content=\"2022-03-09T14:17:29+00:00\" \/>\n<meta property=\"og:image\" content=\"https:\/\/www.grafiche-tonutti.it\/wp-content\/uploads\/2021\/07\/referenze-stampa-etichette-liquori.jpg\" \/>\n<meta name=\"twitter:card\" content=\"summary_large_image\" \/>\n<meta name=\"twitter:label1\" content=\"Dur\u00e9e de lecture estim\u00e9e\" \/>\n\t<meta name=\"twitter:data1\" content=\"1 minute\" \/>\n<script type=\"application\/ld+json\" class=\"yoast-schema-graph\">{\"@context\":\"https:\/\/schema.org\",\"@graph\":[{\"@type\":\"WebPage\",\"@id\":\"https:\/\/www.grafiche-tonutti.it\/fr\/references\/impression-etiquettes-pour-liqueurs\/\",\"url\":\"https:\/\/www.grafiche-tonutti.it\/fr\/references\/impression-etiquettes-pour-liqueurs\/\",\"name\":\"R\u00e9f\u00e9rences pour l'impression d'\u00e9tiquettes pour liqueurs- grafiche-tonutti.it\",\"isPartOf\":{\"@id\":\"https:\/\/www.grafiche-tonutti.it\/#website\"},\"primaryImageOfPage\":{\"@id\":\"https:\/\/www.grafiche-tonutti.it\/fr\/references\/impression-etiquettes-pour-liqueurs\/#primaryimage\"},\"image\":{\"@id\":\"https:\/\/www.grafiche-tonutti.it\/fr\/references\/impression-etiquettes-pour-liqueurs\/#primaryimage\"},\"thumbnailUrl\":\"https:\/\/www.grafiche-tonutti.it\/wp-content\/uploads\/2021\/07\/referenze-stampa-etichette-liquori.jpg\",\"datePublished\":\"2022-03-08T13:51:20+00:00\",\"dateModified\":\"2022-03-09T14:17:29+00:00\",\"description\":\"Impression d'\u00e9tiquettes pour le march\u00e9 des spiritueux \u00e0 agr\u00e9menter avec des techniques de finition modernes. Finitions raffin\u00e9es. Pour plus d'informations: 0432 800341\",\"breadcrumb\":{\"@id\":\"https:\/\/www.grafiche-tonutti.it\/fr\/references\/impression-etiquettes-pour-liqueurs\/#breadcrumb\"},\"inLanguage\":\"fr-FR\",\"potentialAction\":[{\"@type\":\"ReadAction\",\"target\":[\"https:\/\/www.grafiche-tonutti.it\/fr\/references\/impression-etiquettes-pour-liqueurs\/\"]}]},{\"@type\":\"ImageObject\",\"inLanguage\":\"fr-FR\",\"@id\":\"https:\/\/www.grafiche-tonutti.it\/fr\/references\/impression-etiquettes-pour-liqueurs\/#primaryimage\",\"url\":\"https:\/\/www.grafiche-tonutti.it\/wp-content\/uploads\/2021\/07\/referenze-stampa-etichette-liquori.jpg\",\"contentUrl\":\"https:\/\/www.grafiche-tonutti.it\/wp-content\/uploads\/2021\/07\/referenze-stampa-etichette-liquori.jpg\"},{\"@type\":\"BreadcrumbList\",\"@id\":\"https:\/\/www.grafiche-tonutti.it\/fr\/references\/impression-etiquettes-pour-liqueurs\/#breadcrumb\",\"itemListElement\":[{\"@type\":\"ListItem\",\"position\":1,\"name\":\"Home\",\"item\":\"https:\/\/www.grafiche-tonutti.it\/\"},{\"@type\":\"ListItem\",\"position\":2,\"name\":\"R\u00e9f\u00e9rences\",\"item\":\"https:\/\/www.grafiche-tonutti.it\/fr\/references\/\"},{\"@type\":\"ListItem\",\"position\":3,\"name\":\"Impression d&rsquo;\u00e9tiquettes pour liqueurs\"}]},{\"@type\":\"WebSite\",\"@id\":\"https:\/\/www.grafiche-tonutti.it\/#website\",\"url\":\"https:\/\/www.grafiche-tonutti.it\/\",\"name\":\"www.grafiche-tonutti.it\",\"description\":\"Etichette per un mondo che cambia\",\"publisher\":{\"@id\":\"https:\/\/www.grafiche-tonutti.it\/#organization\"},\"potentialAction\":[{\"@type\":\"SearchAction\",\"target\":{\"@type\":\"EntryPoint\",\"urlTemplate\":\"https:\/\/www.grafiche-tonutti.it\/?s={search_term_string}\"},\"query-input\":{\"@type\":\"PropertyValueSpecification\",\"valueRequired\":true,\"valueName\":\"search_term_string\"}}],\"inLanguage\":\"fr-FR\"},{\"@type\":\"Organization\",\"@id\":\"https:\/\/www.grafiche-tonutti.it\/#organization\",\"name\":\"Tonutti Tecniche Grafiche S.p.A.\",\"url\":\"https:\/\/www.grafiche-tonutti.it\/\",\"logo\":{\"@type\":\"ImageObject\",\"inLanguage\":\"fr-FR\",\"@id\":\"https:\/\/www.grafiche-tonutti.it\/#\/schema\/logo\/image\/\",\"url\":\"https:\/\/www.grafiche-tonutti.it\/wp-content\/uploads\/2024\/01\/MARCHIO-E-LOGO_more-than-labels_alliance.png\",\"contentUrl\":\"https:\/\/www.grafiche-tonutti.it\/wp-content\/uploads\/2024\/01\/MARCHIO-E-LOGO_more-than-labels_alliance.png\",\"width\":283,\"height\":211,\"caption\":\"Tonutti Tecniche Grafiche S.p.A.\"},\"image\":{\"@id\":\"https:\/\/www.grafiche-tonutti.it\/#\/schema\/logo\/image\/\"},\"sameAs\":[\"https:\/\/www.facebook.com\/TonuttiTecnicheGraficheSpA\/\",\"https:\/\/www.instagram.com\/tonuttitecnichegrafiche\/\",\"https:\/\/www.linkedin.com\/company\/tonutti-tecniche-grafiche-spa\",\"https:\/\/www.youtube.com\/channel\/UCRYgey4GRtPal2Gygdvw_lA\"]}]}<\/script>\n<!-- \/ Yoast SEO plugin. -->","yoast_head_json":{"title":"R\u00e9f\u00e9rences pour l'impression d'\u00e9tiquettes pour liqueurs- grafiche-tonutti.it","description":"Impression d'\u00e9tiquettes pour le march\u00e9 des spiritueux \u00e0 agr\u00e9menter avec des techniques de finition modernes. Finitions raffin\u00e9es. Pour plus d'informations: 0432 800341","robots":{"index":"index","follow":"follow","max-snippet":"max-snippet:-1","max-image-preview":"max-image-preview:large","max-video-preview":"max-video-preview:-1"},"canonical":"https:\/\/www.grafiche-tonutti.it\/fr\/references\/impression-etiquettes-pour-liqueurs\/","og_locale":"fr_FR","og_type":"article","og_title":"R\u00e9f\u00e9rences pour l'impression d'\u00e9tiquettes pour liqueurs- grafiche-tonutti.it","og_description":"Impression d'\u00e9tiquettes pour le march\u00e9 des spiritueux \u00e0 agr\u00e9menter avec des techniques de finition modernes. Finitions raffin\u00e9es. Pour plus d'informations: 0432 800341","og_url":"https:\/\/www.grafiche-tonutti.it\/fr\/references\/impression-etiquettes-pour-liqueurs\/","og_site_name":"Tonutti","article_publisher":"https:\/\/www.facebook.com\/TonuttiTecnicheGraficheSpA\/","article_modified_time":"2022-03-09T14:17:29+00:00","og_image":[{"url":"https:\/\/www.grafiche-tonutti.it\/wp-content\/uploads\/2021\/07\/referenze-stampa-etichette-liquori.jpg","type":"","width":"","height":""}],"twitter_card":"summary_large_image","twitter_misc":{"Dur\u00e9e de lecture estim\u00e9e":"1 minute"},"schema":{"@context":"https:\/\/schema.org","@graph":[{"@type":"WebPage","@id":"https:\/\/www.grafiche-tonutti.it\/fr\/references\/impression-etiquettes-pour-liqueurs\/","url":"https:\/\/www.grafiche-tonutti.it\/fr\/references\/impression-etiquettes-pour-liqueurs\/","name":"R\u00e9f\u00e9rences pour l'impression d'\u00e9tiquettes pour liqueurs- grafiche-tonutti.it","isPartOf":{"@id":"https:\/\/www.grafiche-tonutti.it\/#website"},"primaryImageOfPage":{"@id":"https:\/\/www.grafiche-tonutti.it\/fr\/references\/impression-etiquettes-pour-liqueurs\/#primaryimage"},"image":{"@id":"https:\/\/www.grafiche-tonutti.it\/fr\/references\/impression-etiquettes-pour-liqueurs\/#primaryimage"},"thumbnailUrl":"https:\/\/www.grafiche-tonutti.it\/wp-content\/uploads\/2021\/07\/referenze-stampa-etichette-liquori.jpg","datePublished":"2022-03-08T13:51:20+00:00","dateModified":"2022-03-09T14:17:29+00:00","description":"Impression d'\u00e9tiquettes pour le march\u00e9 des spiritueux \u00e0 agr\u00e9menter avec des techniques de finition modernes. Finitions raffin\u00e9es. Pour plus d'informations: 0432 800341","breadcrumb":{"@id":"https:\/\/www.grafiche-tonutti.it\/fr\/references\/impression-etiquettes-pour-liqueurs\/#breadcrumb"},"inLanguage":"fr-FR","potentialAction":[{"@type":"ReadAction","target":["https:\/\/www.grafiche-tonutti.it\/fr\/references\/impression-etiquettes-pour-liqueurs\/"]}]},{"@type":"ImageObject","inLanguage":"fr-FR","@id":"https:\/\/www.grafiche-tonutti.it\/fr\/references\/impression-etiquettes-pour-liqueurs\/#primaryimage","url":"https:\/\/www.grafiche-tonutti.it\/wp-content\/uploads\/2021\/07\/referenze-stampa-etichette-liquori.jpg","contentUrl":"https:\/\/www.grafiche-tonutti.it\/wp-content\/uploads\/2021\/07\/referenze-stampa-etichette-liquori.jpg"},{"@type":"BreadcrumbList","@id":"https:\/\/www.grafiche-tonutti.it\/fr\/references\/impression-etiquettes-pour-liqueurs\/#breadcrumb","itemListElement":[{"@type":"ListItem","position":1,"name":"Home","item":"https:\/\/www.grafiche-tonutti.it\/"},{"@type":"ListItem","position":2,"name":"R\u00e9f\u00e9rences","item":"https:\/\/www.grafiche-tonutti.it\/fr\/references\/"},{"@type":"ListItem","position":3,"name":"Impression d&rsquo;\u00e9tiquettes pour liqueurs"}]},{"@type":"WebSite","@id":"https:\/\/www.grafiche-tonutti.it\/#website","url":"https:\/\/www.grafiche-tonutti.it\/","name":"www.grafiche-tonutti.it","description":"Etichette per un mondo che cambia","publisher":{"@id":"https:\/\/www.grafiche-tonutti.it\/#organization"},"potentialAction":[{"@type":"SearchAction","target":{"@type":"EntryPoint","urlTemplate":"https:\/\/www.grafiche-tonutti.it\/?s={search_term_string}"},"query-input":{"@type":"PropertyValueSpecification","valueRequired":true,"valueName":"search_term_string"}}],"inLanguage":"fr-FR"},{"@type":"Organization","@id":"https:\/\/www.grafiche-tonutti.it\/#organization","name":"Tonutti Tecniche Grafiche S.p.A.","url":"https:\/\/www.grafiche-tonutti.it\/","logo":{"@type":"ImageObject","inLanguage":"fr-FR","@id":"https:\/\/www.grafiche-tonutti.it\/#\/schema\/logo\/image\/","url":"https:\/\/www.grafiche-tonutti.it\/wp-content\/uploads\/2024\/01\/MARCHIO-E-LOGO_more-than-labels_alliance.png","contentUrl":"https:\/\/www.grafiche-tonutti.it\/wp-content\/uploads\/2024\/01\/MARCHIO-E-LOGO_more-than-labels_alliance.png","width":283,"height":211,"caption":"Tonutti Tecniche Grafiche S.p.A."},"image":{"@id":"https:\/\/www.grafiche-tonutti.it\/#\/schema\/logo\/image\/"},"sameAs":["https:\/\/www.facebook.com\/TonuttiTecnicheGraficheSpA\/","https:\/\/www.instagram.com\/tonuttitecnichegrafiche\/","https:\/\/www.linkedin.com\/company\/tonutti-tecniche-grafiche-spa","https:\/\/www.youtube.com\/channel\/UCRYgey4GRtPal2Gygdvw_lA"]}]}},"_links":{"self":[{"href":"https:\/\/www.grafiche-tonutti.it\/fr\/wp-json\/wp\/v2\/pages\/6426","targetHints":{"allow":["GET"]}}],"collection":[{"href":"https:\/\/www.grafiche-tonutti.it\/fr\/wp-json\/wp\/v2\/pages"}],"about":[{"href":"https:\/\/www.grafiche-tonutti.it\/fr\/wp-json\/wp\/v2\/types\/page"}],"author":[{"embeddable":true,"href":"https:\/\/www.grafiche-tonutti.it\/fr\/wp-json\/wp\/v2\/users\/2"}],"replies":[{"embeddable":true,"href":"https:\/\/www.grafiche-tonutti.it\/fr\/wp-json\/wp\/v2\/comments?post=6426"}],"version-history":[{"count":6,"href":"https:\/\/www.grafiche-tonutti.it\/fr\/wp-json\/wp\/v2\/pages\/6426\/revisions"}],"predecessor-version":[{"id":6649,"href":"https:\/\/www.grafiche-tonutti.it\/fr\/wp-json\/wp\/v2\/pages\/6426\/revisions\/6649"}],"up":[{"embeddable":true,"href":"https:\/\/www.grafiche-tonutti.it\/fr\/wp-json\/wp\/v2\/pages\/6414"}],"wp:attachment":[{"href":"https:\/\/www.grafiche-tonutti.it\/fr\/wp-json\/wp\/v2\/media?parent=6426"}],"wp:term":[{"taxonomy":"category","embeddable":true,"href":"https:\/\/www.grafiche-tonutti.it\/fr\/wp-json\/wp\/v2\/categories?post=6426"},{"taxonomy":"post_tag","embeddable":true,"href":"https:\/\/www.grafiche-tonutti.it\/fr\/wp-json\/wp\/v2\/tags?post=6426"}],"curies":[{"name":"wp","href":"https:\/\/api.w.org\/{rel}","templated":true}]}}