{"id":6431,"date":"2022-03-08T15:09:50","date_gmt":"2022-03-08T14:09:50","guid":{"rendered":"https:\/\/www.grafiche-tonutti.it\/?page_id=6431"},"modified":"2022-03-09T15:18:03","modified_gmt":"2022-03-09T14:18:03","slug":"impression-etiquettes-biere","status":"publish","type":"page","link":"https:\/\/www.grafiche-tonutti.it\/fr\/references\/impression-etiquettes-biere\/","title":{"rendered":"Impression d&rsquo;\u00e9tiquettes bi\u00e8re"},"content":{"rendered":"\t\t<div data-elementor-type=\"wp-page\" data-elementor-id=\"6431\" class=\"elementor elementor-6431 elementor-3235\" data-elementor-post-type=\"page\">\n\t\t\t\t\t\t<section class=\"elementor-section elementor-top-section elementor-element elementor-element-7c6a0e07 elementor-section-items-top elementor-section-height-min-height elementor-section-stretched elementor-section-full_width elementor-section-height-default\" data-id=\"7c6a0e07\" data-element_type=\"section\" data-settings=\"{&quot;background_background&quot;:&quot;classic&quot;,&quot;stretch_section&quot;:&quot;section-stretched&quot;}\">\n\t\t\t\t\t\t\t<div class=\"elementor-background-overlay\"><\/div>\n\t\t\t\t\t\t\t<div class=\"elementor-container elementor-column-gap-default\">\n\t\t\t\t\t<div class=\"elementor-column elementor-col-100 elementor-top-column elementor-element elementor-element-2ab5b0b3\" data-id=\"2ab5b0b3\" data-element_type=\"column\">\n\t\t\t<div class=\"elementor-widget-wrap elementor-element-populated\">\n\t\t\t\t\t\t<section class=\"elementor-section elementor-inner-section elementor-element elementor-element-13efd789 elementor-section-boxed elementor-section-height-default elementor-section-height-default\" data-id=\"13efd789\" data-element_type=\"section\">\n\t\t\t\t\t\t<div class=\"elementor-container elementor-column-gap-wider\">\n\t\t\t\t\t<div class=\"elementor-column elementor-col-100 elementor-inner-column elementor-element elementor-element-58f2aa81\" data-id=\"58f2aa81\" data-element_type=\"column\">\n\t\t\t<div class=\"elementor-widget-wrap elementor-element-populated\">\n\t\t\t\t\t\t<div class=\"elementor-element elementor-element-fa7de2d elementor-widget elementor-widget-heading\" data-id=\"fa7de2d\" data-element_type=\"widget\" data-widget_type=\"heading.default\">\n\t\t\t\t<div class=\"elementor-widget-container\">\n\t\t\t\t\t<h1 class=\"elementor-heading-title elementor-size-large\">IMPRESSION D'\u00c9TIQUETTES POUR BI\u00c8RES<\/h1>\t\t\t\t<\/div>\n\t\t\t\t<\/div>\n\t\t\t\t\t<\/div>\n\t\t<\/div>\n\t\t\t\t\t<\/div>\n\t\t<\/section>\n\t\t\t\t\t<\/div>\n\t\t<\/div>\n\t\t\t\t\t<\/div>\n\t\t<\/section>\n\t\t\t\t<section class=\"elementor-section elementor-top-section elementor-element elementor-element-bc2ced6 elementor-section-boxed elementor-section-height-default elementor-section-height-default\" data-id=\"bc2ced6\" data-element_type=\"section\">\n\t\t\t\t\t\t<div class=\"elementor-container elementor-column-gap-wider\">\n\t\t\t\t\t<div class=\"elementor-column elementor-col-50 elementor-top-column elementor-element elementor-element-20239fa\" data-id=\"20239fa\" data-element_type=\"column\">\n\t\t\t<div class=\"elementor-widget-wrap elementor-element-populated\">\n\t\t\t\t\t\t<div class=\"elementor-element elementor-element-9c1291a elementor-widget elementor-widget-text-editor\" data-id=\"9c1291a\" data-element_type=\"widget\" data-widget_type=\"text-editor.default\">\n\t\t\t\t<div class=\"elementor-widget-container\">\n\t\t\t\t\t\t\t\t\t<p>\u00c0 partir de la micro-brasserie jusqu\u2019\u00e0 la grande entreprise du secteur de la <strong>bi\u00e8re<\/strong>, chaque bi\u00e8re peut trouver chez Tonutti un habillage unique. Nous imprimons des \u00e9tiquettes de bi\u00e8re soit en version adh\u00e9sive qu\u2019en version Papier et Colle, en nous effor\u00e7ant de maximiser les caract\u00e9ristiques de chaque produit tout en associant habilement les mat\u00e9riaux et ennoblissements. Les r\u00e9sultats de qualit\u00e9 que nous garantissons sont l\u00e0, bien visibles. Chacune de nos \u00e9tiquettes de bi\u00e8re ne passe certainement pas inaper\u00e7ue.<\/p>\t\t\t\t\t\t\t\t<\/div>\n\t\t\t\t<\/div>\n\t\t\t\t\t<\/div>\n\t\t<\/div>\n\t\t\t\t<div class=\"elementor-column elementor-col-50 elementor-top-column elementor-element elementor-element-b90d106\" data-id=\"b90d106\" data-element_type=\"column\">\n\t\t\t<div class=\"elementor-widget-wrap elementor-element-populated\">\n\t\t\t\t\t\t<div class=\"elementor-element elementor-element-616a472 elementor-widget elementor-widget-image\" data-id=\"616a472\" data-element_type=\"widget\" data-widget_type=\"image.default\">\n\t\t\t\t<div class=\"elementor-widget-container\">\n\t\t\t\t\t\t\t\t\t\t\t\t\t\t\t<img fetchpriority=\"high\" decoding=\"async\" width=\"1030\" height=\"680\" src=\"https:\/\/www.grafiche-tonutti.it\/wp-content\/uploads\/2022\/02\/referenze-stampa-etichette-birra.jpg\" class=\"attachment-large size-large wp-image-4786\" alt=\"referenze stampa etichette birra\" srcset=\"https:\/\/www.grafiche-tonutti.it\/wp-content\/uploads\/2022\/02\/referenze-stampa-etichette-birra.jpg 1030w, https:\/\/www.grafiche-tonutti.it\/wp-content\/uploads\/2022\/02\/referenze-stampa-etichette-birra-300x198.jpg 300w, https:\/\/www.grafiche-tonutti.it\/wp-content\/uploads\/2022\/02\/referenze-stampa-etichette-birra-768x507.jpg 768w, https:\/\/www.grafiche-tonutti.it\/wp-content\/uploads\/2022\/02\/referenze-stampa-etichette-birra-705x465.jpg 705w, https:\/\/www.grafiche-tonutti.it\/wp-content\/uploads\/2022\/02\/referenze-stampa-etichette-birra-450x297.jpg 450w\" sizes=\"(max-width: 1030px) 100vw, 1030px\" \/>\t\t\t\t\t\t\t\t\t\t\t\t\t\t\t<\/div>\n\t\t\t\t<\/div>\n\t\t\t\t\t<\/div>\n\t\t<\/div>\n\t\t\t\t\t<\/div>\n\t\t<\/section>\n\t\t\t\t<section class=\"elementor-section elementor-top-section elementor-element elementor-element-393b9d4a elementor-section-full_width elementor-section-stretched box-servizi elementor-section-height-default elementor-section-height-default\" data-id=\"393b9d4a\" data-element_type=\"section\" id=\"consulenza-tecnico\" data-settings=\"{&quot;stretch_section&quot;:&quot;section-stretched&quot;}\">\n\t\t\t\t\t\t<div class=\"elementor-container elementor-column-gap-no\">\n\t\t\t\t\t<div class=\"elementor-column elementor-col-100 elementor-top-column elementor-element elementor-element-79aa9511\" data-id=\"79aa9511\" data-element_type=\"column\">\n\t\t\t<div class=\"elementor-widget-wrap elementor-element-populated\">\n\t\t\t\t\t\t<section class=\"elementor-section elementor-inner-section elementor-element elementor-element-4148d66d elementor-section-boxed elementor-section-height-default elementor-section-height-default\" data-id=\"4148d66d\" data-element_type=\"section\" data-settings=\"{&quot;background_background&quot;:&quot;classic&quot;}\">\n\t\t\t\t\t\t<div class=\"elementor-container elementor-column-gap-default\">\n\t\t\t\t\t<div class=\"elementor-column elementor-col-100 elementor-inner-column elementor-element elementor-element-39435dba\" data-id=\"39435dba\" data-element_type=\"column\">\n\t\t\t<div class=\"elementor-widget-wrap elementor-element-populated\">\n\t\t\t\t\t\t<div class=\"elementor-element elementor-element-5a013d9c elementor-align-center btn-light elementor-widget elementor-widget-button\" data-id=\"5a013d9c\" data-element_type=\"widget\" data-widget_type=\"button.default\">\n\t\t\t\t<div class=\"elementor-widget-container\">\n\t\t\t\t\t\t\t\t\t<div class=\"elementor-button-wrapper\">\n\t\t\t\t\t<a class=\"elementor-button elementor-button-link elementor-size-sm\" href=\"\" id=\"btn-consulenza-tecnico\">\n\t\t\t\t\t\t<span class=\"elementor-button-content-wrapper\">\n\t\t\t\t\t\t\t\t\t<span class=\"elementor-button-text\">Demandez conseil \u00e0 l'un de nos techniciens<\/span>\n\t\t\t\t\t<\/span>\n\t\t\t\t\t<\/a>\n\t\t\t\t<\/div>\n\t\t\t\t\t\t\t\t<\/div>\n\t\t\t\t<\/div>\n\t\t\t\t\t<\/div>\n\t\t<\/div>\n\t\t\t\t\t<\/div>\n\t\t<\/section>\n\t\t\t\t\t<\/div>\n\t\t<\/div>\n\t\t\t\t\t<\/div>\n\t\t<\/section>\n\t\t\t\t<section class=\"elementor-section elementor-top-section elementor-element elementor-element-54d647ec elementor-section-boxed elementor-section-height-default elementor-section-height-default\" data-id=\"54d647ec\" data-element_type=\"section\" id=\"form-consulenza-tecnico\">\n\t\t\t\t\t\t<div class=\"elementor-container elementor-column-gap-wider\">\n\t\t\t\t\t<div class=\"elementor-column elementor-col-100 elementor-top-column elementor-element elementor-element-37ba8263\" data-id=\"37ba8263\" data-element_type=\"column\">\n\t\t\t<div class=\"elementor-widget-wrap elementor-element-populated\">\n\t\t\t\t\t\t<div class=\"elementor-element elementor-element-6dde9eb1 elementor-widget elementor-widget-heading\" data-id=\"6dde9eb1\" data-element_type=\"widget\" data-widget_type=\"heading.default\">\n\t\t\t\t<div class=\"elementor-widget-container\">\n\t\t\t\t\t<h3 class=\"elementor-heading-title elementor-size-large\">Demandez conseil \u00e0 l'un de nos techniciens <\/h3>\t\t\t\t<\/div>\n\t\t\t\t<\/div>\n\t\t\t\t<div class=\"elementor-element elementor-element-4fd27cd4 elementor-widget elementor-widget-html\" data-id=\"4fd27cd4\" data-element_type=\"widget\" data-widget_type=\"html.default\">\n\t\t\t\t<div class=\"elementor-widget-container\">\n\t\t\t\t\t<script charset=\"utf-8\" type=\"text\/javascript\" src=\"\/\/js.hsforms.net\/forms\/shell.js\"><\/script>\r\n<script>\r\n  hbspt.forms.create({\r\n\tregion: \"na1\",\r\n\tportalId: \"19962299\",\r\n\tformId: \"9cafe663-aeeb-4c46-81de-857265a18f22\"\r\n});\r\n<\/script>\r\n\r\n<script>\r\njQuery(document).ready(function() {\r\n\tjQuery('#btn-consulenza-tecnico').attr('href','javascript:;');\r\n\r\n\tjQuery(\"#btn-consulenza-tecnico\").click(function() {\r\n\t\tjQuery('html, body').animate({\r\n            scrollTop: jQuery('#form-consulenza-tecnico').eq(0).offset().top - 400\r\n        }, 700);\r\n        jQuery('#form-consulenza-tecnico > div').show(\"slow\");\r\n        jQuery('#consulenza-tecnico').fadeOut(\"fast\");\r\n    });\r\n});\r\n\r\n<\/script>\t\t\t\t<\/div>\n\t\t\t\t<\/div>\n\t\t\t\t\t<\/div>\n\t\t<\/div>\n\t\t\t\t\t<\/div>\n\t\t<\/section>\n\t\t\t\t<section class=\"elementor-section elementor-top-section elementor-element elementor-element-99c6322 elementor-section-stretched elementor-section-full_width elementor-section-height-default elementor-section-height-default\" data-id=\"99c6322\" data-element_type=\"section\" data-settings=\"{&quot;motion_fx_motion_fx_scrolling&quot;:&quot;yes&quot;,&quot;motion_fx_translateY_effect&quot;:&quot;yes&quot;,&quot;motion_fx_translateY_speed&quot;:{&quot;unit&quot;:&quot;px&quot;,&quot;size&quot;:1,&quot;sizes&quot;:[]},&quot;stretch_section&quot;:&quot;section-stretched&quot;,&quot;motion_fx_translateY_affectedRange&quot;:{&quot;unit&quot;:&quot;%&quot;,&quot;size&quot;:&quot;&quot;,&quot;sizes&quot;:{&quot;start&quot;:0,&quot;end&quot;:100}},&quot;motion_fx_devices&quot;:[&quot;desktop&quot;,&quot;tablet&quot;,&quot;mobile&quot;]}\">\n\t\t\t\t\t\t<div class=\"elementor-container elementor-column-gap-no\">\n\t\t\t\t\t<div class=\"elementor-column elementor-col-100 elementor-top-column elementor-element elementor-element-f7f51c8\" data-id=\"f7f51c8\" data-element_type=\"column\">\n\t\t\t<div class=\"elementor-widget-wrap elementor-element-populated\">\n\t\t\t\t\t\t\t<\/div>\n\t\t<\/div>\n\t\t\t\t\t<\/div>\n\t\t<\/section>\n\t\t\t\t<section class=\"elementor-section elementor-top-section elementor-element elementor-element-b4ddd25 elementor-section-boxed elementor-section-height-default elementor-section-height-default\" data-id=\"b4ddd25\" data-element_type=\"section\" id=\"form-chiedi-preventivo\">\n\t\t\t\t\t\t<div class=\"elementor-container elementor-column-gap-wider\">\n\t\t\t\t\t<div class=\"elementor-column elementor-col-100 elementor-top-column elementor-element elementor-element-fc2d84e\" data-id=\"fc2d84e\" data-element_type=\"column\">\n\t\t\t<div class=\"elementor-widget-wrap elementor-element-populated\">\n\t\t\t\t\t\t<div class=\"elementor-element elementor-element-6e0e198 elementor-widget elementor-widget-heading\" data-id=\"6e0e198\" data-element_type=\"widget\" data-widget_type=\"heading.default\">\n\t\t\t\t<div class=\"elementor-widget-container\">\n\t\t\t\t\t<h3 class=\"elementor-heading-title elementor-size-large\">Demandez un devis <\/h3>\t\t\t\t<\/div>\n\t\t\t\t<\/div>\n\t\t\t\t<div class=\"elementor-element elementor-element-e7c06c6 elementor-widget elementor-widget-html\" data-id=\"e7c06c6\" data-element_type=\"widget\" data-widget_type=\"html.default\">\n\t\t\t\t<div class=\"elementor-widget-container\">\n\t\t\t\t\t<script charset=\"utf-8\" type=\"text\/javascript\" src=\"\/\/js.hsforms.net\/forms\/shell.js\"><\/script>\r\n<script>\r\n  hbspt.forms.create({\r\n\tregion: \"na1\",\r\n\tportalId: \"19962299\",\r\n\tformId: \"84a28a1a-03ca-4c22-9962-735cefc2448c\"\r\n});\r\n<\/script>\t\t\t\t<\/div>\n\t\t\t\t<\/div>\n\t\t\t\t\t<\/div>\n\t\t<\/div>\n\t\t\t\t\t<\/div>\n\t\t<\/section>\n\t\t\t\t<\/div>\n\t\t","protected":false},"excerpt":{"rendered":"<p>IMPRESSION D&rsquo;\u00c9TIQUETTES POUR BI\u00c8RES \u00c0 partir de la micro-brasserie jusqu\u2019\u00e0 la grande entreprise du secteur de la bi\u00e8re, chaque bi\u00e8re peut trouver chez Tonutti un habillage unique. Nous imprimons des \u00e9tiquettes de bi\u00e8re soit en version adh\u00e9sive qu\u2019en version Papier et Colle, en nous effor\u00e7ant de maximiser les caract\u00e9ristiques de chaque produit tout en associant [&hellip;]<\/p>\n","protected":false},"author":2,"featured_media":0,"parent":6414,"menu_order":19,"comment_status":"closed","ping_status":"closed","template":"","meta":{"inline_featured_image":false,"footnotes":""},"categories":[],"tags":[],"class_list":["post-6431","page","type-page","status-publish","hentry"],"yoast_head":"<!-- This site is optimized with the Yoast SEO plugin v26.8 - https:\/\/yoast.com\/product\/yoast-seo-wordpress\/ -->\n<title>R\u00e9f\u00e9rences d\u2019impression \u00e9tiquettes bi\u00e8re - grafiche-tonutti.it<\/title>\n<meta name=\"description\" content=\"Impression d&#039;\u00e9tiquettes adh\u00e9sives et d&#039;\u00e9tiquettes Papier et Colle pour le secteur de la bi\u00e8re avec un large choix de papiers et de finitions. Pour plus d&#039;informations: 0432 800341\" \/>\n<meta name=\"robots\" content=\"index, follow, max-snippet:-1, max-image-preview:large, max-video-preview:-1\" \/>\n<link rel=\"canonical\" href=\"https:\/\/www.grafiche-tonutti.it\/fr\/references\/impression-etiquettes-biere\/\" \/>\n<meta property=\"og:locale\" content=\"fr_FR\" \/>\n<meta property=\"og:type\" content=\"article\" \/>\n<meta property=\"og:title\" content=\"R\u00e9f\u00e9rences d\u2019impression \u00e9tiquettes bi\u00e8re - grafiche-tonutti.it\" \/>\n<meta property=\"og:description\" content=\"Impression d&#039;\u00e9tiquettes adh\u00e9sives et d&#039;\u00e9tiquettes Papier et Colle pour le secteur de la bi\u00e8re avec un large choix de papiers et de finitions. Pour plus d&#039;informations: 0432 800341\" \/>\n<meta property=\"og:url\" content=\"https:\/\/www.grafiche-tonutti.it\/fr\/references\/impression-etiquettes-biere\/\" \/>\n<meta property=\"og:site_name\" content=\"Tonutti\" \/>\n<meta property=\"article:publisher\" content=\"https:\/\/www.facebook.com\/TonuttiTecnicheGraficheSpA\/\" \/>\n<meta property=\"article:modified_time\" content=\"2022-03-09T14:18:03+00:00\" \/>\n<meta property=\"og:image\" content=\"https:\/\/www.grafiche-tonutti.it\/wp-content\/uploads\/2022\/02\/referenze-stampa-etichette-birra.jpg\" \/>\n<meta name=\"twitter:card\" content=\"summary_large_image\" \/>\n<meta name=\"twitter:label1\" content=\"Dur\u00e9e de lecture estim\u00e9e\" \/>\n\t<meta name=\"twitter:data1\" content=\"1 minute\" \/>\n<script type=\"application\/ld+json\" class=\"yoast-schema-graph\">{\"@context\":\"https:\/\/schema.org\",\"@graph\":[{\"@type\":\"WebPage\",\"@id\":\"https:\/\/www.grafiche-tonutti.it\/fr\/references\/impression-etiquettes-biere\/\",\"url\":\"https:\/\/www.grafiche-tonutti.it\/fr\/references\/impression-etiquettes-biere\/\",\"name\":\"R\u00e9f\u00e9rences d\u2019impression \u00e9tiquettes bi\u00e8re - grafiche-tonutti.it\",\"isPartOf\":{\"@id\":\"https:\/\/www.grafiche-tonutti.it\/#website\"},\"primaryImageOfPage\":{\"@id\":\"https:\/\/www.grafiche-tonutti.it\/fr\/references\/impression-etiquettes-biere\/#primaryimage\"},\"image\":{\"@id\":\"https:\/\/www.grafiche-tonutti.it\/fr\/references\/impression-etiquettes-biere\/#primaryimage\"},\"thumbnailUrl\":\"https:\/\/www.grafiche-tonutti.it\/wp-content\/uploads\/2022\/02\/referenze-stampa-etichette-birra.jpg\",\"datePublished\":\"2022-03-08T14:09:50+00:00\",\"dateModified\":\"2022-03-09T14:18:03+00:00\",\"description\":\"Impression d'\u00e9tiquettes adh\u00e9sives et d'\u00e9tiquettes Papier et Colle pour le secteur de la bi\u00e8re avec un large choix de papiers et de finitions. Pour plus d'informations: 0432 800341\",\"breadcrumb\":{\"@id\":\"https:\/\/www.grafiche-tonutti.it\/fr\/references\/impression-etiquettes-biere\/#breadcrumb\"},\"inLanguage\":\"fr-FR\",\"potentialAction\":[{\"@type\":\"ReadAction\",\"target\":[\"https:\/\/www.grafiche-tonutti.it\/fr\/references\/impression-etiquettes-biere\/\"]}]},{\"@type\":\"ImageObject\",\"inLanguage\":\"fr-FR\",\"@id\":\"https:\/\/www.grafiche-tonutti.it\/fr\/references\/impression-etiquettes-biere\/#primaryimage\",\"url\":\"https:\/\/www.grafiche-tonutti.it\/wp-content\/uploads\/2022\/02\/referenze-stampa-etichette-birra.jpg\",\"contentUrl\":\"https:\/\/www.grafiche-tonutti.it\/wp-content\/uploads\/2022\/02\/referenze-stampa-etichette-birra.jpg\"},{\"@type\":\"BreadcrumbList\",\"@id\":\"https:\/\/www.grafiche-tonutti.it\/fr\/references\/impression-etiquettes-biere\/#breadcrumb\",\"itemListElement\":[{\"@type\":\"ListItem\",\"position\":1,\"name\":\"Home\",\"item\":\"https:\/\/www.grafiche-tonutti.it\/\"},{\"@type\":\"ListItem\",\"position\":2,\"name\":\"R\u00e9f\u00e9rences\",\"item\":\"https:\/\/www.grafiche-tonutti.it\/fr\/references\/\"},{\"@type\":\"ListItem\",\"position\":3,\"name\":\"Impression d&rsquo;\u00e9tiquettes bi\u00e8re\"}]},{\"@type\":\"WebSite\",\"@id\":\"https:\/\/www.grafiche-tonutti.it\/#website\",\"url\":\"https:\/\/www.grafiche-tonutti.it\/\",\"name\":\"www.grafiche-tonutti.it\",\"description\":\"Etichette per un mondo che cambia\",\"publisher\":{\"@id\":\"https:\/\/www.grafiche-tonutti.it\/#organization\"},\"potentialAction\":[{\"@type\":\"SearchAction\",\"target\":{\"@type\":\"EntryPoint\",\"urlTemplate\":\"https:\/\/www.grafiche-tonutti.it\/?s={search_term_string}\"},\"query-input\":{\"@type\":\"PropertyValueSpecification\",\"valueRequired\":true,\"valueName\":\"search_term_string\"}}],\"inLanguage\":\"fr-FR\"},{\"@type\":\"Organization\",\"@id\":\"https:\/\/www.grafiche-tonutti.it\/#organization\",\"name\":\"Tonutti Tecniche Grafiche S.p.A.\",\"url\":\"https:\/\/www.grafiche-tonutti.it\/\",\"logo\":{\"@type\":\"ImageObject\",\"inLanguage\":\"fr-FR\",\"@id\":\"https:\/\/www.grafiche-tonutti.it\/#\/schema\/logo\/image\/\",\"url\":\"https:\/\/www.grafiche-tonutti.it\/wp-content\/uploads\/2024\/01\/MARCHIO-E-LOGO_more-than-labels_alliance.png\",\"contentUrl\":\"https:\/\/www.grafiche-tonutti.it\/wp-content\/uploads\/2024\/01\/MARCHIO-E-LOGO_more-than-labels_alliance.png\",\"width\":283,\"height\":211,\"caption\":\"Tonutti Tecniche Grafiche S.p.A.\"},\"image\":{\"@id\":\"https:\/\/www.grafiche-tonutti.it\/#\/schema\/logo\/image\/\"},\"sameAs\":[\"https:\/\/www.facebook.com\/TonuttiTecnicheGraficheSpA\/\",\"https:\/\/www.instagram.com\/tonuttitecnichegrafiche\/\",\"https:\/\/www.linkedin.com\/company\/tonutti-tecniche-grafiche-spa\",\"https:\/\/www.youtube.com\/channel\/UCRYgey4GRtPal2Gygdvw_lA\"]}]}<\/script>\n<!-- \/ Yoast SEO plugin. -->","yoast_head_json":{"title":"R\u00e9f\u00e9rences d\u2019impression \u00e9tiquettes bi\u00e8re - grafiche-tonutti.it","description":"Impression d'\u00e9tiquettes adh\u00e9sives et d'\u00e9tiquettes Papier et Colle pour le secteur de la bi\u00e8re avec un large choix de papiers et de finitions. Pour plus d'informations: 0432 800341","robots":{"index":"index","follow":"follow","max-snippet":"max-snippet:-1","max-image-preview":"max-image-preview:large","max-video-preview":"max-video-preview:-1"},"canonical":"https:\/\/www.grafiche-tonutti.it\/fr\/references\/impression-etiquettes-biere\/","og_locale":"fr_FR","og_type":"article","og_title":"R\u00e9f\u00e9rences d\u2019impression \u00e9tiquettes bi\u00e8re - grafiche-tonutti.it","og_description":"Impression d'\u00e9tiquettes adh\u00e9sives et d'\u00e9tiquettes Papier et Colle pour le secteur de la bi\u00e8re avec un large choix de papiers et de finitions. Pour plus d'informations: 0432 800341","og_url":"https:\/\/www.grafiche-tonutti.it\/fr\/references\/impression-etiquettes-biere\/","og_site_name":"Tonutti","article_publisher":"https:\/\/www.facebook.com\/TonuttiTecnicheGraficheSpA\/","article_modified_time":"2022-03-09T14:18:03+00:00","og_image":[{"url":"https:\/\/www.grafiche-tonutti.it\/wp-content\/uploads\/2022\/02\/referenze-stampa-etichette-birra.jpg","type":"","width":"","height":""}],"twitter_card":"summary_large_image","twitter_misc":{"Dur\u00e9e de lecture estim\u00e9e":"1 minute"},"schema":{"@context":"https:\/\/schema.org","@graph":[{"@type":"WebPage","@id":"https:\/\/www.grafiche-tonutti.it\/fr\/references\/impression-etiquettes-biere\/","url":"https:\/\/www.grafiche-tonutti.it\/fr\/references\/impression-etiquettes-biere\/","name":"R\u00e9f\u00e9rences d\u2019impression \u00e9tiquettes bi\u00e8re - grafiche-tonutti.it","isPartOf":{"@id":"https:\/\/www.grafiche-tonutti.it\/#website"},"primaryImageOfPage":{"@id":"https:\/\/www.grafiche-tonutti.it\/fr\/references\/impression-etiquettes-biere\/#primaryimage"},"image":{"@id":"https:\/\/www.grafiche-tonutti.it\/fr\/references\/impression-etiquettes-biere\/#primaryimage"},"thumbnailUrl":"https:\/\/www.grafiche-tonutti.it\/wp-content\/uploads\/2022\/02\/referenze-stampa-etichette-birra.jpg","datePublished":"2022-03-08T14:09:50+00:00","dateModified":"2022-03-09T14:18:03+00:00","description":"Impression d'\u00e9tiquettes adh\u00e9sives et d'\u00e9tiquettes Papier et Colle pour le secteur de la bi\u00e8re avec un large choix de papiers et de finitions. Pour plus d'informations: 0432 800341","breadcrumb":{"@id":"https:\/\/www.grafiche-tonutti.it\/fr\/references\/impression-etiquettes-biere\/#breadcrumb"},"inLanguage":"fr-FR","potentialAction":[{"@type":"ReadAction","target":["https:\/\/www.grafiche-tonutti.it\/fr\/references\/impression-etiquettes-biere\/"]}]},{"@type":"ImageObject","inLanguage":"fr-FR","@id":"https:\/\/www.grafiche-tonutti.it\/fr\/references\/impression-etiquettes-biere\/#primaryimage","url":"https:\/\/www.grafiche-tonutti.it\/wp-content\/uploads\/2022\/02\/referenze-stampa-etichette-birra.jpg","contentUrl":"https:\/\/www.grafiche-tonutti.it\/wp-content\/uploads\/2022\/02\/referenze-stampa-etichette-birra.jpg"},{"@type":"BreadcrumbList","@id":"https:\/\/www.grafiche-tonutti.it\/fr\/references\/impression-etiquettes-biere\/#breadcrumb","itemListElement":[{"@type":"ListItem","position":1,"name":"Home","item":"https:\/\/www.grafiche-tonutti.it\/"},{"@type":"ListItem","position":2,"name":"R\u00e9f\u00e9rences","item":"https:\/\/www.grafiche-tonutti.it\/fr\/references\/"},{"@type":"ListItem","position":3,"name":"Impression d&rsquo;\u00e9tiquettes bi\u00e8re"}]},{"@type":"WebSite","@id":"https:\/\/www.grafiche-tonutti.it\/#website","url":"https:\/\/www.grafiche-tonutti.it\/","name":"www.grafiche-tonutti.it","description":"Etichette per un mondo che cambia","publisher":{"@id":"https:\/\/www.grafiche-tonutti.it\/#organization"},"potentialAction":[{"@type":"SearchAction","target":{"@type":"EntryPoint","urlTemplate":"https:\/\/www.grafiche-tonutti.it\/?s={search_term_string}"},"query-input":{"@type":"PropertyValueSpecification","valueRequired":true,"valueName":"search_term_string"}}],"inLanguage":"fr-FR"},{"@type":"Organization","@id":"https:\/\/www.grafiche-tonutti.it\/#organization","name":"Tonutti Tecniche Grafiche S.p.A.","url":"https:\/\/www.grafiche-tonutti.it\/","logo":{"@type":"ImageObject","inLanguage":"fr-FR","@id":"https:\/\/www.grafiche-tonutti.it\/#\/schema\/logo\/image\/","url":"https:\/\/www.grafiche-tonutti.it\/wp-content\/uploads\/2024\/01\/MARCHIO-E-LOGO_more-than-labels_alliance.png","contentUrl":"https:\/\/www.grafiche-tonutti.it\/wp-content\/uploads\/2024\/01\/MARCHIO-E-LOGO_more-than-labels_alliance.png","width":283,"height":211,"caption":"Tonutti Tecniche Grafiche S.p.A."},"image":{"@id":"https:\/\/www.grafiche-tonutti.it\/#\/schema\/logo\/image\/"},"sameAs":["https:\/\/www.facebook.com\/TonuttiTecnicheGraficheSpA\/","https:\/\/www.instagram.com\/tonuttitecnichegrafiche\/","https:\/\/www.linkedin.com\/company\/tonutti-tecniche-grafiche-spa","https:\/\/www.youtube.com\/channel\/UCRYgey4GRtPal2Gygdvw_lA"]}]}},"_links":{"self":[{"href":"https:\/\/www.grafiche-tonutti.it\/fr\/wp-json\/wp\/v2\/pages\/6431","targetHints":{"allow":["GET"]}}],"collection":[{"href":"https:\/\/www.grafiche-tonutti.it\/fr\/wp-json\/wp\/v2\/pages"}],"about":[{"href":"https:\/\/www.grafiche-tonutti.it\/fr\/wp-json\/wp\/v2\/types\/page"}],"author":[{"embeddable":true,"href":"https:\/\/www.grafiche-tonutti.it\/fr\/wp-json\/wp\/v2\/users\/2"}],"replies":[{"embeddable":true,"href":"https:\/\/www.grafiche-tonutti.it\/fr\/wp-json\/wp\/v2\/comments?post=6431"}],"version-history":[{"count":9,"href":"https:\/\/www.grafiche-tonutti.it\/fr\/wp-json\/wp\/v2\/pages\/6431\/revisions"}],"predecessor-version":[{"id":6650,"href":"https:\/\/www.grafiche-tonutti.it\/fr\/wp-json\/wp\/v2\/pages\/6431\/revisions\/6650"}],"up":[{"embeddable":true,"href":"https:\/\/www.grafiche-tonutti.it\/fr\/wp-json\/wp\/v2\/pages\/6414"}],"wp:attachment":[{"href":"https:\/\/www.grafiche-tonutti.it\/fr\/wp-json\/wp\/v2\/media?parent=6431"}],"wp:term":[{"taxonomy":"category","embeddable":true,"href":"https:\/\/www.grafiche-tonutti.it\/fr\/wp-json\/wp\/v2\/categories?post=6431"},{"taxonomy":"post_tag","embeddable":true,"href":"https:\/\/www.grafiche-tonutti.it\/fr\/wp-json\/wp\/v2\/tags?post=6431"}],"curies":[{"name":"wp","href":"https:\/\/api.w.org\/{rel}","templated":true}]}}